{"id":3949,"date":"2025-11-03T11:06:10","date_gmt":"2025-11-03T16:06:10","guid":{"rendered":"https:\/\/specialitycoffee.ca\/?post_type=product&#038;p=3949"},"modified":"2026-03-20T17:38:04","modified_gmt":"2026-03-20T22:38:04","slug":"rumudamo-lave-copy-copy-copy-copy-copy","status":"publish","type":"product","link":"https:\/\/specialitycoffee.ca\/fr\/produit\/rumudamo-lave-copy-copy-copy-copy-copy\/","title":{"rendered":"HATCH &#8211; el vergel condor washed decaf"},"content":{"rendered":"<p>&nbsp;<\/p>\n<table style=\"height: 353px;\" width=\"373\">\n<thead>\n<tr>\n<th>\n<p style=\"text-align: left;\"><img loading=\"lazy\" decoding=\"async\" loading=\"lazy\" class=\"alignleft wp-image-2155\" style=\"font-family: inherit; font-size: inherit;\" src=\"https:\/\/specialitycoffee.ca\/wp-content\/uploads\/2025\/08\/origins.png\" alt=\"\" width=\"50\" height=\"50\" srcset=\"https:\/\/specialitycoffee.ca\/wp-content\/uploads\/2025\/08\/origins.png 150w, https:\/\/specialitycoffee.ca\/wp-content\/uploads\/2025\/08\/origins-100x100.png 100w\" sizes=\"auto, (max-width: 50px) 100vw, 50px\" \/><b style=\"font-family: inherit; font-size: inherit;\"><\/b><b style=\"font-family: inherit; font-size: inherit;\"><br \/>\nOrigine : <\/b><span style=\"font-weight: 400;\"><em>Colombie<\/em><\/span><\/p>\n<\/th>\n<th><\/th>\n<th><img loading=\"lazy\" decoding=\"async\" loading=\"lazy\" class=\"alignleft wp-image-2167\" style=\"font-family: inherit; font-size: inherit;\" src=\"https:\/\/specialitycoffee.ca\/wp-content\/uploads\/2025\/08\/tasting.png\" alt=\"\" width=\"50\" height=\"50\" srcset=\"https:\/\/specialitycoffee.ca\/wp-content\/uploads\/2025\/08\/tasting.png 150w, https:\/\/specialitycoffee.ca\/wp-content\/uploads\/2025\/08\/tasting-100x100.png 100w\" sizes=\"auto, (max-width: 50px) 100vw, 50px\" \/><\/p>\n<p style=\"text-align: left;\"><b>Notes gustatives : <\/b><span style=\"font-weight: 400;\">Prune, Raisin sec, Cassonade<\/span><\/p>\n<\/th>\n<\/tr>\n<tr>\n<th>\n<p style=\"text-align: left;\"><b style=\"font-family: inherit; font-size: inherit;\"><img loading=\"lazy\" decoding=\"async\" loading=\"lazy\" class=\"alignleft wp-image-2157\" src=\"https:\/\/specialitycoffee.ca\/wp-content\/uploads\/2025\/08\/proccess.png\" alt=\"\" width=\"50\" height=\"50\" srcset=\"https:\/\/specialitycoffee.ca\/wp-content\/uploads\/2025\/08\/proccess.png 150w, https:\/\/specialitycoffee.ca\/wp-content\/uploads\/2025\/08\/proccess-100x100.png 100w\" sizes=\"auto, (max-width: 50px) 100vw, 50px\" \/><\/b><b style=\"font-family: inherit; font-size: inherit;\"><\/b><\/p>\n<p style=\"text-align: left;\"><b style=\"font-family: inherit; font-size: inherit;\">Proc\u00e9d\u00e9 : <\/b><span style=\"font-weight: 400;\"> lav\u00e9 EA d\u00e9caf\u00e9in\u00e9<\/span><\/p>\n<\/th>\n<th><\/th>\n<th><img loading=\"lazy\" decoding=\"async\" loading=\"lazy\" class=\"alignleft wp-image-2169\" style=\"font-family: inherit; font-size: inherit;\" src=\"https:\/\/specialitycoffee.ca\/wp-content\/uploads\/2025\/08\/varieties.png\" alt=\"\" width=\"50\" height=\"50\" srcset=\"https:\/\/specialitycoffee.ca\/wp-content\/uploads\/2025\/08\/varieties.png 150w, https:\/\/specialitycoffee.ca\/wp-content\/uploads\/2025\/08\/varieties-100x100.png 100w\" sizes=\"auto, (max-width: 50px) 100vw, 50px\" \/><\/p>\n<p style=\"text-align: left;\"><b>Vari\u00e9t\u00e9s : <span style=\"font-weight: 400;\">Caturra rouge et jaune<\/span><\/b><\/p>\n<\/th>\n<\/tr>\n<tr>\n<th>\n<p style=\"text-align: left;\"><img loading=\"lazy\" decoding=\"async\" loading=\"lazy\" class=\"alignleft wp-image-2161\" style=\"font-family: inherit; font-size: inherit;\" src=\"https:\/\/specialitycoffee.ca\/wp-content\/uploads\/2025\/08\/calendar.png\" alt=\"\" width=\"50\" height=\"50\" srcset=\"https:\/\/specialitycoffee.ca\/wp-content\/uploads\/2025\/08\/calendar.png 150w, https:\/\/specialitycoffee.ca\/wp-content\/uploads\/2025\/08\/calendar-100x100.png 100w\" sizes=\"auto, (max-width: 50px) 100vw, 50px\" \/><b style=\"font-family: inherit; font-size: inherit;\">Saison de r\u00e9colte : <\/b><span style=\"font-weight: 400;\">2025<br \/>\n<\/span><\/p>\n<\/th>\n<th><\/th>\n<th><img loading=\"lazy\" decoding=\"async\" loading=\"lazy\" class=\"alignleft wp-image-2163\" style=\"font-family: inherit; font-size: inherit;\" src=\"https:\/\/specialitycoffee.ca\/wp-content\/uploads\/2025\/08\/elevation.png\" alt=\"\" width=\"50\" height=\"50\" srcset=\"https:\/\/specialitycoffee.ca\/wp-content\/uploads\/2025\/08\/elevation.png 150w, https:\/\/specialitycoffee.ca\/wp-content\/uploads\/2025\/08\/elevation-100x100.png 100w\" sizes=\"auto, (max-width: 50px) 100vw, 50px\" \/><\/p>\n<p style=\"text-align: left;\"><b>Altitude : <\/b><span style=\"font-weight: 400;\">1400 m<\/span><\/p>\n<\/th>\n<\/tr>\n<tr>\n<th>\n<p style=\"text-align: left;\">\n<\/th>\n<th><\/th>\n<th style=\"text-align: left;\">\n<p style=\"text-align: left;\">\n<\/th>\n<\/tr>\n<\/thead>\n<\/table>\n<p><strong>Information sur le caf\u00e9<\/strong><\/p>\n<p>Si tu dois vraiment prendre du d\u00e9caf\u00e9in\u00e9&#8230; alors il devrait \u00eatre d\u00e9licieux ! \ud83d\ude1b <\/p>\n<p>Ce d\u00e9caf\u00e9in\u00e9 est un Caturra Rouge et Jaune, de La Roma \u00e0 Tolima, Colombie &#8211; faisant partie de la S\u00e9rie Partenaire d&#8217;El Vergel.<\/p>\n<p>Le Proc\u00e9d\u00e9 Canne \u00e0 Sucre trouve son origine en Colombie o\u00f9 la canne \u00e0 sucre pousse en abondance. La m\u00e9lasse \u00e9tant un sous-produit cl\u00e9 de la production de sucre, elle est id\u00e9ale pour \u00eatre ferment\u00e9e afin de produire de l&#8217;alcool \u00e9thanol gr\u00e2ce \u00e0 son abondance. L&#8217;\u00e9thanol est combin\u00e9 avec de l&#8217;acide ac\u00e9tique (vinaigre), pour cr\u00e9er le solvant ac\u00e9tate d&#8217;\u00e9thyle (E.A.) qui est un compos\u00e9 naturellement pr\u00e9sent dans le vin, la bi\u00e8re, les fruits et les l\u00e9gumes. Les grains de caf\u00e9 sont cuits \u00e0 la vapeur ou tremp\u00e9s dans l&#8217;eau pour aider \u00e0 lib\u00e9rer la caf\u00e9ine de la structure de la graine. Ensuite, le caf\u00e9 subit un lavage E.A., qui dissout la caf\u00e9ine. Enfin, les graines sont nettoy\u00e9es \u00e0 nouveau avec de l&#8217;eau puis s\u00e9ch\u00e9es jusqu&#8217;\u00e0 un niveau d&#8217;humidit\u00e9 stable. Nous trouvons que ce proc\u00e9d\u00e9 donne un caf\u00e9 d\u00e9caf\u00e9in\u00e9 avec une saveur d\u00e9licieuse, nette et sucr\u00e9e !      <\/p>\n","protected":false},"excerpt":{"rendered":"<p>300g<\/p>\n<p>Prune &amp; Cassonade<\/p>\n<p>&nbsp;<br \/>\nRoast date: March 16, 2026<\/p>\n","protected":false},"featured_media":4589,"comment_status":"open","ping_status":"closed","template":"","meta":{"nf_dc_page":""},"product_brand":[],"product_cat":[67,73],"product_tag":[],"giftcard-category":[],"class_list":{"0":"post-3949","1":"product","2":"type-product","3":"status-publish","4":"has-post-thumbnail","6":"product_cat-cafe-de-specialite-hatch","7":"product_cat-decafeine","9":"first","10":"instock","11":"shipping-taxable","12":"purchasable","13":"product-type-simple"},"yoast_head":"<!-- This site is optimized with the Yoast SEO plugin v27.3 - https:\/\/yoast.com\/product\/yoast-seo-wordpress\/ -->\n<title>HATCH - el vergel condor washed decaf - Speciality Coffee<\/title>\n<meta name=\"description\" content=\"Savoure El Vergel Condor Washed Decaf, un caf\u00e9 d\u00e9caf\u00e9in\u00e9 colombien onctueux aux notes de prune, raisin sec et cassonade, \u00e9labor\u00e9 selon le proc\u00e9d\u00e9 EA Canne \u00e0 sucre pour une finale douce et nette.\" \/>\n<meta name=\"robots\" content=\"index, follow, max-snippet:-1, max-image-preview:large, max-video-preview:-1\" \/>\n<link rel=\"canonical\" href=\"https:\/\/specialitycoffee.ca\/fr\/produit\/rumudamo-lave-copy-copy-copy-copy-copy\/\" \/>\n<meta property=\"og:locale\" content=\"fr_FR\" \/>\n<meta property=\"og:type\" content=\"article\" \/>\n<meta property=\"og:title\" content=\"HATCH - el vergel condor washed decaf - Speciality Coffee\" \/>\n<meta property=\"og:description\" content=\"Savoure El Vergel Condor Washed Decaf, un caf\u00e9 d\u00e9caf\u00e9in\u00e9 colombien onctueux aux notes de prune, raisin sec et cassonade, \u00e9labor\u00e9 selon le proc\u00e9d\u00e9 EA Canne \u00e0 sucre pour une finale douce et nette.\" \/>\n<meta property=\"og:url\" content=\"https:\/\/specialitycoffee.ca\/fr\/produit\/rumudamo-lave-copy-copy-copy-copy-copy\/\" \/>\n<meta property=\"og:site_name\" content=\"Speciality Coffee\" \/>\n<meta property=\"article:publisher\" content=\"https:\/\/www.facebook.com\/profile.php?id=61567892415312\" \/>\n<meta property=\"article:modified_time\" content=\"2026-03-20T22:38:04+00:00\" \/>\n<meta property=\"og:image\" content=\"https:\/\/specialitycoffee.ca\/wp-content\/uploads\/2025\/11\/el-vergel-decaf-washed.jpg\" \/>\n\t<meta property=\"og:image:width\" content=\"749\" \/>\n\t<meta property=\"og:image:height\" content=\"1000\" \/>\n\t<meta property=\"og:image:type\" content=\"image\/jpeg\" \/>\n<meta name=\"twitter:card\" content=\"summary_large_image\" \/>\n<meta name=\"twitter:label1\" content=\"Dur\u00e9e de lecture estim\u00e9e\" \/>\n\t<meta name=\"twitter:data1\" content=\"2 minutes\" \/>\n<script type=\"application\/ld+json\" class=\"yoast-schema-graph\">{\"@context\":\"https:\\\/\\\/schema.org\",\"@graph\":[{\"@type\":\"WebPage\",\"@id\":\"https:\\\/\\\/specialitycoffee.ca\\\/fr\\\/produit\\\/rumudamo-lave-copy-copy-copy-copy-copy\\\/\",\"url\":\"https:\\\/\\\/specialitycoffee.ca\\\/fr\\\/produit\\\/rumudamo-lave-copy-copy-copy-copy-copy\\\/\",\"name\":\"HATCH - el vergel condor washed decaf - Speciality Coffee\",\"isPartOf\":{\"@id\":\"https:\\\/\\\/pad.gfa.mybluehost.me\\\/website_dc3d2694\\\/#website\"},\"primaryImageOfPage\":{\"@id\":\"https:\\\/\\\/specialitycoffee.ca\\\/fr\\\/produit\\\/rumudamo-lave-copy-copy-copy-copy-copy\\\/#primaryimage\"},\"image\":{\"@id\":\"https:\\\/\\\/specialitycoffee.ca\\\/fr\\\/produit\\\/rumudamo-lave-copy-copy-copy-copy-copy\\\/#primaryimage\"},\"thumbnailUrl\":\"https:\\\/\\\/specialitycoffee.ca\\\/wp-content\\\/uploads\\\/2025\\\/11\\\/HATCH-El-Vergel-Condor-Washed-Decaf.png\",\"datePublished\":\"2025-11-03T16:06:10+00:00\",\"dateModified\":\"2026-03-20T22:38:04+00:00\",\"description\":\"Savoure El Vergel Condor Washed Decaf, un caf\u00e9 d\u00e9caf\u00e9in\u00e9 colombien onctueux aux notes de prune, raisin sec et cassonade, \u00e9labor\u00e9 selon le proc\u00e9d\u00e9 EA Canne \u00e0 sucre pour une finale douce et nette.\",\"breadcrumb\":{\"@id\":\"https:\\\/\\\/specialitycoffee.ca\\\/fr\\\/produit\\\/rumudamo-lave-copy-copy-copy-copy-copy\\\/#breadcrumb\"},\"inLanguage\":\"fr-FR\",\"potentialAction\":[{\"@type\":\"ReadAction\",\"target\":[\"https:\\\/\\\/specialitycoffee.ca\\\/fr\\\/produit\\\/rumudamo-lave-copy-copy-copy-copy-copy\\\/\"]}]},{\"@type\":\"ImageObject\",\"inLanguage\":\"fr-FR\",\"@id\":\"https:\\\/\\\/specialitycoffee.ca\\\/fr\\\/produit\\\/rumudamo-lave-copy-copy-copy-copy-copy\\\/#primaryimage\",\"url\":\"https:\\\/\\\/specialitycoffee.ca\\\/wp-content\\\/uploads\\\/2025\\\/11\\\/HATCH-El-Vergel-Condor-Washed-Decaf.png\",\"contentUrl\":\"https:\\\/\\\/specialitycoffee.ca\\\/wp-content\\\/uploads\\\/2025\\\/11\\\/HATCH-El-Vergel-Condor-Washed-Decaf.png\",\"width\":500,\"height\":500},{\"@type\":\"BreadcrumbList\",\"@id\":\"https:\\\/\\\/specialitycoffee.ca\\\/fr\\\/produit\\\/rumudamo-lave-copy-copy-copy-copy-copy\\\/#breadcrumb\",\"itemListElement\":[{\"@type\":\"ListItem\",\"position\":1,\"name\":\"Accueil\",\"item\":\"https:\\\/\\\/specialitycoffee.ca\\\/fr\\\/cafe-de-specialite-les-meilleurs-grains-de-specialite-directement-de-la-ferme-a-ta-tasse\\\/\"},{\"@type\":\"ListItem\",\"position\":2,\"name\":\"Boutique\",\"item\":\"https:\\\/\\\/specialitycoffee.ca\\\/fr\\\/boutique\\\/\"},{\"@type\":\"ListItem\",\"position\":3,\"name\":\"HATCH &#8211; el vergel condor washed decaf\"}]},{\"@type\":\"WebSite\",\"@id\":\"https:\\\/\\\/pad.gfa.mybluehost.me\\\/website_dc3d2694\\\/#website\",\"url\":\"https:\\\/\\\/pad.gfa.mybluehost.me\\\/website_dc3d2694\\\/\",\"name\":\"Speciality Coffee\",\"description\":\"\",\"publisher\":{\"@id\":\"https:\\\/\\\/pad.gfa.mybluehost.me\\\/website_dc3d2694\\\/#organization\"},\"potentialAction\":[{\"@type\":\"SearchAction\",\"target\":{\"@type\":\"EntryPoint\",\"urlTemplate\":\"https:\\\/\\\/pad.gfa.mybluehost.me\\\/website_dc3d2694\\\/?s={search_term_string}\"},\"query-input\":{\"@type\":\"PropertyValueSpecification\",\"valueRequired\":true,\"valueName\":\"search_term_string\"}}],\"inLanguage\":\"fr-FR\"},{\"@type\":\"Organization\",\"@id\":\"https:\\\/\\\/pad.gfa.mybluehost.me\\\/website_dc3d2694\\\/#organization\",\"name\":\"Speciality coffee\",\"url\":\"https:\\\/\\\/pad.gfa.mybluehost.me\\\/website_dc3d2694\\\/\",\"logo\":{\"@type\":\"ImageObject\",\"inLanguage\":\"fr-FR\",\"@id\":\"https:\\\/\\\/pad.gfa.mybluehost.me\\\/website_dc3d2694\\\/#\\\/schema\\\/logo\\\/image\\\/\",\"url\":\"https:\\\/\\\/specialitycoffee.ca\\\/wp-content\\\/uploads\\\/2025\\\/07\\\/logo-main.svg\",\"contentUrl\":\"https:\\\/\\\/specialitycoffee.ca\\\/wp-content\\\/uploads\\\/2025\\\/07\\\/logo-main.svg\",\"width\":220,\"height\":104,\"caption\":\"Speciality coffee\"},\"image\":{\"@id\":\"https:\\\/\\\/pad.gfa.mybluehost.me\\\/website_dc3d2694\\\/#\\\/schema\\\/logo\\\/image\\\/\"},\"sameAs\":[\"https:\\\/\\\/www.facebook.com\\\/profile.php?id=61567892415312\",\"https:\\\/\\\/www.instagram.com\\\/specialitycoffee.ca\\\/\"]}]}<\/script>\n<!-- \/ Yoast SEO plugin. -->","yoast_head_json":{"title":"HATCH - el vergel condor washed decaf - Speciality Coffee","description":"Savoure El Vergel Condor Washed Decaf, un caf\u00e9 d\u00e9caf\u00e9in\u00e9 colombien onctueux aux notes de prune, raisin sec et cassonade, \u00e9labor\u00e9 selon le proc\u00e9d\u00e9 EA Canne \u00e0 sucre pour une finale douce et nette.","robots":{"index":"index","follow":"follow","max-snippet":"max-snippet:-1","max-image-preview":"max-image-preview:large","max-video-preview":"max-video-preview:-1"},"canonical":"https:\/\/specialitycoffee.ca\/fr\/produit\/rumudamo-lave-copy-copy-copy-copy-copy\/","og_locale":"fr_FR","og_type":"article","og_title":"HATCH - el vergel condor washed decaf - Speciality Coffee","og_description":"Savoure El Vergel Condor Washed Decaf, un caf\u00e9 d\u00e9caf\u00e9in\u00e9 colombien onctueux aux notes de prune, raisin sec et cassonade, \u00e9labor\u00e9 selon le proc\u00e9d\u00e9 EA Canne \u00e0 sucre pour une finale douce et nette.","og_url":"https:\/\/specialitycoffee.ca\/fr\/produit\/rumudamo-lave-copy-copy-copy-copy-copy\/","og_site_name":"Speciality Coffee","article_publisher":"https:\/\/www.facebook.com\/profile.php?id=61567892415312","article_modified_time":"2026-03-20T22:38:04+00:00","og_image":[{"width":749,"height":1000,"url":"https:\/\/specialitycoffee.ca\/wp-content\/uploads\/2025\/11\/el-vergel-decaf-washed.jpg","type":"image\/jpeg"}],"twitter_card":"summary_large_image","twitter_misc":{"Dur\u00e9e de lecture estim\u00e9e":"2 minutes"},"schema":{"@context":"https:\/\/schema.org","@graph":[{"@type":"WebPage","@id":"https:\/\/specialitycoffee.ca\/fr\/produit\/rumudamo-lave-copy-copy-copy-copy-copy\/","url":"https:\/\/specialitycoffee.ca\/fr\/produit\/rumudamo-lave-copy-copy-copy-copy-copy\/","name":"HATCH - el vergel condor washed decaf - Speciality Coffee","isPartOf":{"@id":"https:\/\/pad.gfa.mybluehost.me\/website_dc3d2694\/#website"},"primaryImageOfPage":{"@id":"https:\/\/specialitycoffee.ca\/fr\/produit\/rumudamo-lave-copy-copy-copy-copy-copy\/#primaryimage"},"image":{"@id":"https:\/\/specialitycoffee.ca\/fr\/produit\/rumudamo-lave-copy-copy-copy-copy-copy\/#primaryimage"},"thumbnailUrl":"https:\/\/specialitycoffee.ca\/wp-content\/uploads\/2025\/11\/HATCH-El-Vergel-Condor-Washed-Decaf.png","datePublished":"2025-11-03T16:06:10+00:00","dateModified":"2026-03-20T22:38:04+00:00","description":"Savoure El Vergel Condor Washed Decaf, un caf\u00e9 d\u00e9caf\u00e9in\u00e9 colombien onctueux aux notes de prune, raisin sec et cassonade, \u00e9labor\u00e9 selon le proc\u00e9d\u00e9 EA Canne \u00e0 sucre pour une finale douce et nette.","breadcrumb":{"@id":"https:\/\/specialitycoffee.ca\/fr\/produit\/rumudamo-lave-copy-copy-copy-copy-copy\/#breadcrumb"},"inLanguage":"fr-FR","potentialAction":[{"@type":"ReadAction","target":["https:\/\/specialitycoffee.ca\/fr\/produit\/rumudamo-lave-copy-copy-copy-copy-copy\/"]}]},{"@type":"ImageObject","inLanguage":"fr-FR","@id":"https:\/\/specialitycoffee.ca\/fr\/produit\/rumudamo-lave-copy-copy-copy-copy-copy\/#primaryimage","url":"https:\/\/specialitycoffee.ca\/wp-content\/uploads\/2025\/11\/HATCH-El-Vergel-Condor-Washed-Decaf.png","contentUrl":"https:\/\/specialitycoffee.ca\/wp-content\/uploads\/2025\/11\/HATCH-El-Vergel-Condor-Washed-Decaf.png","width":500,"height":500},{"@type":"BreadcrumbList","@id":"https:\/\/specialitycoffee.ca\/fr\/produit\/rumudamo-lave-copy-copy-copy-copy-copy\/#breadcrumb","itemListElement":[{"@type":"ListItem","position":1,"name":"Accueil","item":"https:\/\/specialitycoffee.ca\/fr\/cafe-de-specialite-les-meilleurs-grains-de-specialite-directement-de-la-ferme-a-ta-tasse\/"},{"@type":"ListItem","position":2,"name":"Boutique","item":"https:\/\/specialitycoffee.ca\/fr\/boutique\/"},{"@type":"ListItem","position":3,"name":"HATCH &#8211; el vergel condor washed decaf"}]},{"@type":"WebSite","@id":"https:\/\/pad.gfa.mybluehost.me\/website_dc3d2694\/#website","url":"https:\/\/pad.gfa.mybluehost.me\/website_dc3d2694\/","name":"Speciality Coffee","description":"","publisher":{"@id":"https:\/\/pad.gfa.mybluehost.me\/website_dc3d2694\/#organization"},"potentialAction":[{"@type":"SearchAction","target":{"@type":"EntryPoint","urlTemplate":"https:\/\/pad.gfa.mybluehost.me\/website_dc3d2694\/?s={search_term_string}"},"query-input":{"@type":"PropertyValueSpecification","valueRequired":true,"valueName":"search_term_string"}}],"inLanguage":"fr-FR"},{"@type":"Organization","@id":"https:\/\/pad.gfa.mybluehost.me\/website_dc3d2694\/#organization","name":"Speciality coffee","url":"https:\/\/pad.gfa.mybluehost.me\/website_dc3d2694\/","logo":{"@type":"ImageObject","inLanguage":"fr-FR","@id":"https:\/\/pad.gfa.mybluehost.me\/website_dc3d2694\/#\/schema\/logo\/image\/","url":"https:\/\/specialitycoffee.ca\/wp-content\/uploads\/2025\/07\/logo-main.svg","contentUrl":"https:\/\/specialitycoffee.ca\/wp-content\/uploads\/2025\/07\/logo-main.svg","width":220,"height":104,"caption":"Speciality coffee"},"image":{"@id":"https:\/\/pad.gfa.mybluehost.me\/website_dc3d2694\/#\/schema\/logo\/image\/"},"sameAs":["https:\/\/www.facebook.com\/profile.php?id=61567892415312","https:\/\/www.instagram.com\/specialitycoffee.ca\/"]}]}},"_links":{"self":[{"href":"https:\/\/specialitycoffee.ca\/fr\/wp-json\/wp\/v2\/product\/3949","targetHints":{"allow":["GET"]}}],"collection":[{"href":"https:\/\/specialitycoffee.ca\/fr\/wp-json\/wp\/v2\/product"}],"about":[{"href":"https:\/\/specialitycoffee.ca\/fr\/wp-json\/wp\/v2\/types\/product"}],"replies":[{"embeddable":true,"href":"https:\/\/specialitycoffee.ca\/fr\/wp-json\/wp\/v2\/comments?post=3949"}],"wp:featuredmedia":[{"embeddable":true,"href":"https:\/\/specialitycoffee.ca\/fr\/wp-json\/wp\/v2\/media\/4589"}],"wp:attachment":[{"href":"https:\/\/specialitycoffee.ca\/fr\/wp-json\/wp\/v2\/media?parent=3949"}],"wp:term":[{"taxonomy":"product_brand","embeddable":true,"href":"https:\/\/specialitycoffee.ca\/fr\/wp-json\/wp\/v2\/product_brand?post=3949"},{"taxonomy":"product_cat","embeddable":true,"href":"https:\/\/specialitycoffee.ca\/fr\/wp-json\/wp\/v2\/product_cat?post=3949"},{"taxonomy":"product_tag","embeddable":true,"href":"https:\/\/specialitycoffee.ca\/fr\/wp-json\/wp\/v2\/product_tag?post=3949"},{"taxonomy":"giftcard-category","embeddable":true,"href":"https:\/\/specialitycoffee.ca\/fr\/wp-json\/wp\/v2\/giftcard-category?post=3949"}],"curies":[{"name":"wp","href":"https:\/\/api.w.org\/{rel}","templated":true}]}}