{"id":3764,"date":"2025-10-30T16:55:11","date_gmt":"2025-10-30T21:55:11","guid":{"rendered":"https:\/\/specialitycoffee.ca\/?post_type=product&#038;p=3764"},"modified":"2026-03-20T17:37:22","modified_gmt":"2026-03-20T22:37:22","slug":"rumudamo-lave-copy","status":"publish","type":"product","link":"https:\/\/specialitycoffee.ca\/fr\/produit\/rumudamo-lave-copy\/","title":{"rendered":"HATCH &#8211; blackout"},"content":{"rendered":"<p>&nbsp;<\/p>\n<table style=\"height: 353px;\" width=\"373\">\n<thead>\n<tr>\n<th>\n<p style=\"text-align: left;\"><img loading=\"lazy\" decoding=\"async\" loading=\"lazy\" class=\"alignleft wp-image-2155\" style=\"font-family: inherit; font-size: inherit;\" src=\"https:\/\/specialitycoffee.ca\/wp-content\/uploads\/2025\/08\/origins.png\" alt=\"\" width=\"50\" height=\"50\" srcset=\"https:\/\/specialitycoffee.ca\/wp-content\/uploads\/2025\/08\/origins.png 150w, https:\/\/specialitycoffee.ca\/wp-content\/uploads\/2025\/08\/origins-100x100.png 100w\" sizes=\"auto, (max-width: 50px) 100vw, 50px\" \/><b style=\"font-family: inherit; font-size: inherit;\"><\/b><b style=\"font-family: inherit; font-size: inherit;\"><br \/>\nOrigine :<\/b> <span style=\"font-weight: 400;\">Br\u00e9sil, Colombie<\/span><\/p>\n<\/th>\n<th><\/th>\n<th><img loading=\"lazy\" decoding=\"async\" loading=\"lazy\" class=\"alignleft wp-image-2167\" style=\"font-family: inherit; font-size: inherit;\" src=\"https:\/\/specialitycoffee.ca\/wp-content\/uploads\/2025\/08\/tasting.png\" alt=\"\" width=\"50\" height=\"50\" srcset=\"https:\/\/specialitycoffee.ca\/wp-content\/uploads\/2025\/08\/tasting.png 150w, https:\/\/specialitycoffee.ca\/wp-content\/uploads\/2025\/08\/tasting-100x100.png 100w\" sizes=\"auto, (max-width: 50px) 100vw, 50px\" \/><\/p>\n<p style=\"text-align: left;\"><b>Notes gustatives :<\/b> <span style=\"font-weight: 400;\">M\u00e9lasse, chocolat noir \u00e0 88 %<\/span><\/p>\n<\/th>\n<\/tr>\n<tr>\n<th>\n<p style=\"text-align: left;\"><b style=\"font-family: inherit; font-size: inherit;\"><img loading=\"lazy\" decoding=\"async\" loading=\"lazy\" class=\"alignleft wp-image-2157\" src=\"https:\/\/specialitycoffee.ca\/wp-content\/uploads\/2025\/08\/proccess.png\" alt=\"\" width=\"50\" height=\"50\" srcset=\"https:\/\/specialitycoffee.ca\/wp-content\/uploads\/2025\/08\/proccess.png 150w, https:\/\/specialitycoffee.ca\/wp-content\/uploads\/2025\/08\/proccess-100x100.png 100w\" sizes=\"auto, (max-width: 50px) 100vw, 50px\" \/><\/b><b style=\"font-family: inherit; font-size: inherit;\"><\/b><\/p>\n<p style=\"text-align: left;\"><b style=\"font-family: inherit; font-size: inherit;\">Processus :<\/b> <span style=\"font-weight: 400;\">naturel et lav\u00e9<\/span><\/p>\n<\/th>\n<th><\/th>\n<th><img loading=\"lazy\" decoding=\"async\" loading=\"lazy\" class=\"alignleft wp-image-2169\" style=\"font-family: inherit; font-size: inherit;\" src=\"https:\/\/specialitycoffee.ca\/wp-content\/uploads\/2025\/08\/varieties.png\" alt=\"\" width=\"50\" height=\"50\" srcset=\"https:\/\/specialitycoffee.ca\/wp-content\/uploads\/2025\/08\/varieties.png 150w, https:\/\/specialitycoffee.ca\/wp-content\/uploads\/2025\/08\/varieties-100x100.png 100w\" sizes=\"auto, (max-width: 50px) 100vw, 50px\" \/><\/p>\n<p style=\"text-align: left;\"><b>Vari\u00e9t\u00e9s : <span style=\"font-weight: 400;\">m\u00e9lange<\/span><\/b><\/p>\n<\/th>\n<\/tr>\n<tr>\n<th>\n<p style=\"text-align: left;\"><img loading=\"lazy\" decoding=\"async\" loading=\"lazy\" class=\"alignleft wp-image-2161\" style=\"font-family: inherit; font-size: inherit;\" src=\"https:\/\/specialitycoffee.ca\/wp-content\/uploads\/2025\/08\/calendar.png\" alt=\"\" width=\"50\" height=\"50\" srcset=\"https:\/\/specialitycoffee.ca\/wp-content\/uploads\/2025\/08\/calendar.png 150w, https:\/\/specialitycoffee.ca\/wp-content\/uploads\/2025\/08\/calendar-100x100.png 100w\" sizes=\"auto, (max-width: 50px) 100vw, 50px\" \/><b style=\"font-family: inherit; font-size: inherit;\">Saison de r\u00e9colte : <\/b><span style=\"font-weight: 400;\">2025<br \/>\n<\/span><\/p>\n<\/th>\n<th><\/th>\n<th>\n<p style=\"text-align: left;\"><img loading=\"lazy\" decoding=\"async\" loading=\"lazy\" class=\"alignleft wp-image-2159\" style=\"font-family: inherit; font-size: inherit;\" src=\"https:\/\/specialitycoffee.ca\/wp-content\/uploads\/2025\/08\/brew.png\" alt=\"\" width=\"50\" height=\"50\" srcset=\"https:\/\/specialitycoffee.ca\/wp-content\/uploads\/2025\/08\/brew.png 150w, https:\/\/specialitycoffee.ca\/wp-content\/uploads\/2025\/08\/brew-100x100.png 100w\" sizes=\"auto, (max-width: 50px) 100vw, 50px\" \/><b style=\"font-family: inherit; font-size: inherit;\">Niveau de torr\u00e9faction : <\/b><span style=\"font-weight: 400;\">Torr\u00e9faction moyenne<\/span><\/p>\n<\/th>\n<\/tr>\n<tr>\n<th>\n<p style=\"text-align: left;\">\n<\/th>\n<th><\/th>\n<th style=\"text-align: left;\"><\/th>\n<\/tr>\n<\/thead>\n<\/table>\n<p><strong>Information sur le caf\u00e9<\/strong><\/p>\n<p>Notre caf\u00e9 le plus audacieux, pour les jours r\u00e9confortants et un retour \u00e0 quelque chose de classique (avec une touche de nouveaut\u00e9)<\/p>\n","protected":false},"excerpt":{"rendered":"<p>300 g<\/p>\n<p>M\u00e9lange<\/p>\n<p>Chocolat noir et m\u00e9lasse<br \/>\nRoast date: March 16, 2026<\/p>\n","protected":false},"featured_media":4583,"comment_status":"open","ping_status":"closed","template":"","meta":{"nf_dc_page":""},"product_brand":[],"product_cat":[67,68,71],"product_tag":[],"giftcard-category":[],"class_list":{"0":"post-3764","1":"product","2":"type-product","3":"status-publish","4":"has-post-thumbnail","6":"product_cat-cafe-de-specialite-hatch","7":"product_cat-cafe-espresso-en-grains-entiers","8":"product_cat-meilleures-ventes","10":"first","11":"instock","12":"featured","13":"shipping-taxable","14":"purchasable","15":"product-type-simple"},"yoast_head":"<!-- This site is optimized with the Yoast SEO plugin v27.3 - https:\/\/yoast.com\/product\/yoast-seo-wordpress\/ -->\n<title>HATCH - blackout - Speciality Coffee<\/title>\n<meta name=\"description\" content=\"Caf\u00e9 Hatch Blackout, m\u00e9lange du Br\u00e9sil et de Colombie aux notes de m\u00e9lasse et de chocolat noir \u00e0 88 %. Torr\u00e9faction moyenne et saveur audacieuse.\" \/>\n<meta name=\"robots\" content=\"index, follow, max-snippet:-1, max-image-preview:large, max-video-preview:-1\" \/>\n<link rel=\"canonical\" href=\"https:\/\/specialitycoffee.ca\/fr\/produit\/rumudamo-lave-copy\/\" \/>\n<meta property=\"og:locale\" content=\"fr_FR\" \/>\n<meta property=\"og:type\" content=\"article\" \/>\n<meta property=\"og:title\" content=\"HATCH - blackout - Speciality Coffee\" \/>\n<meta property=\"og:description\" content=\"Caf\u00e9 Hatch Blackout, m\u00e9lange du Br\u00e9sil et de Colombie aux notes de m\u00e9lasse et de chocolat noir \u00e0 88 %. Torr\u00e9faction moyenne et saveur audacieuse.\" \/>\n<meta property=\"og:url\" content=\"https:\/\/specialitycoffee.ca\/fr\/produit\/rumudamo-lave-copy\/\" \/>\n<meta property=\"og:site_name\" content=\"Speciality Coffee\" \/>\n<meta property=\"article:publisher\" content=\"https:\/\/www.facebook.com\/profile.php?id=61567892415312\" \/>\n<meta property=\"article:modified_time\" content=\"2026-03-20T22:37:22+00:00\" \/>\n<meta property=\"og:image\" content=\"https:\/\/specialitycoffee.ca\/wp-content\/uploads\/2025\/10\/blackout.jpg\" \/>\n\t<meta property=\"og:image:width\" content=\"749\" \/>\n\t<meta property=\"og:image:height\" content=\"1000\" \/>\n\t<meta property=\"og:image:type\" content=\"image\/jpeg\" \/>\n<meta name=\"twitter:card\" content=\"summary_large_image\" \/>\n<meta name=\"twitter:label1\" content=\"Dur\u00e9e de lecture estim\u00e9e\" \/>\n\t<meta name=\"twitter:data1\" content=\"2 minutes\" \/>\n<script type=\"application\/ld+json\" class=\"yoast-schema-graph\">{\"@context\":\"https:\\\/\\\/schema.org\",\"@graph\":[{\"@type\":\"WebPage\",\"@id\":\"https:\\\/\\\/specialitycoffee.ca\\\/fr\\\/produit\\\/rumudamo-lave-copy\\\/\",\"url\":\"https:\\\/\\\/specialitycoffee.ca\\\/fr\\\/produit\\\/rumudamo-lave-copy\\\/\",\"name\":\"HATCH - blackout - Speciality Coffee\",\"isPartOf\":{\"@id\":\"https:\\\/\\\/pad.gfa.mybluehost.me\\\/website_dc3d2694\\\/#website\"},\"primaryImageOfPage\":{\"@id\":\"https:\\\/\\\/specialitycoffee.ca\\\/fr\\\/produit\\\/rumudamo-lave-copy\\\/#primaryimage\"},\"image\":{\"@id\":\"https:\\\/\\\/specialitycoffee.ca\\\/fr\\\/produit\\\/rumudamo-lave-copy\\\/#primaryimage\"},\"thumbnailUrl\":\"https:\\\/\\\/specialitycoffee.ca\\\/wp-content\\\/uploads\\\/2025\\\/10\\\/HATCH-Blackout.png\",\"datePublished\":\"2025-10-30T21:55:11+00:00\",\"dateModified\":\"2026-03-20T22:37:22+00:00\",\"description\":\"Caf\u00e9 Hatch Blackout, m\u00e9lange du Br\u00e9sil et de Colombie aux notes de m\u00e9lasse et de chocolat noir \u00e0 88 %. Torr\u00e9faction moyenne et saveur audacieuse.\",\"breadcrumb\":{\"@id\":\"https:\\\/\\\/specialitycoffee.ca\\\/fr\\\/produit\\\/rumudamo-lave-copy\\\/#breadcrumb\"},\"inLanguage\":\"fr-FR\",\"potentialAction\":[{\"@type\":\"ReadAction\",\"target\":[\"https:\\\/\\\/specialitycoffee.ca\\\/fr\\\/produit\\\/rumudamo-lave-copy\\\/\"]}]},{\"@type\":\"ImageObject\",\"inLanguage\":\"fr-FR\",\"@id\":\"https:\\\/\\\/specialitycoffee.ca\\\/fr\\\/produit\\\/rumudamo-lave-copy\\\/#primaryimage\",\"url\":\"https:\\\/\\\/specialitycoffee.ca\\\/wp-content\\\/uploads\\\/2025\\\/10\\\/HATCH-Blackout.png\",\"contentUrl\":\"https:\\\/\\\/specialitycoffee.ca\\\/wp-content\\\/uploads\\\/2025\\\/10\\\/HATCH-Blackout.png\",\"width\":500,\"height\":500,\"caption\":\"HATCH - Blackout\"},{\"@type\":\"BreadcrumbList\",\"@id\":\"https:\\\/\\\/specialitycoffee.ca\\\/fr\\\/produit\\\/rumudamo-lave-copy\\\/#breadcrumb\",\"itemListElement\":[{\"@type\":\"ListItem\",\"position\":1,\"name\":\"Accueil\",\"item\":\"https:\\\/\\\/specialitycoffee.ca\\\/fr\\\/cafe-de-specialite-les-meilleurs-grains-de-specialite-directement-de-la-ferme-a-ta-tasse\\\/\"},{\"@type\":\"ListItem\",\"position\":2,\"name\":\"Boutique\",\"item\":\"https:\\\/\\\/specialitycoffee.ca\\\/fr\\\/boutique\\\/\"},{\"@type\":\"ListItem\",\"position\":3,\"name\":\"HATCH &#8211; blackout\"}]},{\"@type\":\"WebSite\",\"@id\":\"https:\\\/\\\/pad.gfa.mybluehost.me\\\/website_dc3d2694\\\/#website\",\"url\":\"https:\\\/\\\/pad.gfa.mybluehost.me\\\/website_dc3d2694\\\/\",\"name\":\"Speciality Coffee\",\"description\":\"\",\"publisher\":{\"@id\":\"https:\\\/\\\/pad.gfa.mybluehost.me\\\/website_dc3d2694\\\/#organization\"},\"potentialAction\":[{\"@type\":\"SearchAction\",\"target\":{\"@type\":\"EntryPoint\",\"urlTemplate\":\"https:\\\/\\\/pad.gfa.mybluehost.me\\\/website_dc3d2694\\\/?s={search_term_string}\"},\"query-input\":{\"@type\":\"PropertyValueSpecification\",\"valueRequired\":true,\"valueName\":\"search_term_string\"}}],\"inLanguage\":\"fr-FR\"},{\"@type\":\"Organization\",\"@id\":\"https:\\\/\\\/pad.gfa.mybluehost.me\\\/website_dc3d2694\\\/#organization\",\"name\":\"Speciality coffee\",\"url\":\"https:\\\/\\\/pad.gfa.mybluehost.me\\\/website_dc3d2694\\\/\",\"logo\":{\"@type\":\"ImageObject\",\"inLanguage\":\"fr-FR\",\"@id\":\"https:\\\/\\\/pad.gfa.mybluehost.me\\\/website_dc3d2694\\\/#\\\/schema\\\/logo\\\/image\\\/\",\"url\":\"https:\\\/\\\/specialitycoffee.ca\\\/wp-content\\\/uploads\\\/2025\\\/07\\\/logo-main.svg\",\"contentUrl\":\"https:\\\/\\\/specialitycoffee.ca\\\/wp-content\\\/uploads\\\/2025\\\/07\\\/logo-main.svg\",\"width\":220,\"height\":104,\"caption\":\"Speciality coffee\"},\"image\":{\"@id\":\"https:\\\/\\\/pad.gfa.mybluehost.me\\\/website_dc3d2694\\\/#\\\/schema\\\/logo\\\/image\\\/\"},\"sameAs\":[\"https:\\\/\\\/www.facebook.com\\\/profile.php?id=61567892415312\",\"https:\\\/\\\/www.instagram.com\\\/specialitycoffee.ca\\\/\"]}]}<\/script>\n<!-- \/ Yoast SEO plugin. -->","yoast_head_json":{"title":"HATCH - blackout - Speciality Coffee","description":"Caf\u00e9 Hatch Blackout, m\u00e9lange du Br\u00e9sil et de Colombie aux notes de m\u00e9lasse et de chocolat noir \u00e0 88 %. Torr\u00e9faction moyenne et saveur audacieuse.","robots":{"index":"index","follow":"follow","max-snippet":"max-snippet:-1","max-image-preview":"max-image-preview:large","max-video-preview":"max-video-preview:-1"},"canonical":"https:\/\/specialitycoffee.ca\/fr\/produit\/rumudamo-lave-copy\/","og_locale":"fr_FR","og_type":"article","og_title":"HATCH - blackout - Speciality Coffee","og_description":"Caf\u00e9 Hatch Blackout, m\u00e9lange du Br\u00e9sil et de Colombie aux notes de m\u00e9lasse et de chocolat noir \u00e0 88 %. Torr\u00e9faction moyenne et saveur audacieuse.","og_url":"https:\/\/specialitycoffee.ca\/fr\/produit\/rumudamo-lave-copy\/","og_site_name":"Speciality Coffee","article_publisher":"https:\/\/www.facebook.com\/profile.php?id=61567892415312","article_modified_time":"2026-03-20T22:37:22+00:00","og_image":[{"width":749,"height":1000,"url":"https:\/\/specialitycoffee.ca\/wp-content\/uploads\/2025\/10\/blackout.jpg","type":"image\/jpeg"}],"twitter_card":"summary_large_image","twitter_misc":{"Dur\u00e9e de lecture estim\u00e9e":"2 minutes"},"schema":{"@context":"https:\/\/schema.org","@graph":[{"@type":"WebPage","@id":"https:\/\/specialitycoffee.ca\/fr\/produit\/rumudamo-lave-copy\/","url":"https:\/\/specialitycoffee.ca\/fr\/produit\/rumudamo-lave-copy\/","name":"HATCH - blackout - Speciality Coffee","isPartOf":{"@id":"https:\/\/pad.gfa.mybluehost.me\/website_dc3d2694\/#website"},"primaryImageOfPage":{"@id":"https:\/\/specialitycoffee.ca\/fr\/produit\/rumudamo-lave-copy\/#primaryimage"},"image":{"@id":"https:\/\/specialitycoffee.ca\/fr\/produit\/rumudamo-lave-copy\/#primaryimage"},"thumbnailUrl":"https:\/\/specialitycoffee.ca\/wp-content\/uploads\/2025\/10\/HATCH-Blackout.png","datePublished":"2025-10-30T21:55:11+00:00","dateModified":"2026-03-20T22:37:22+00:00","description":"Caf\u00e9 Hatch Blackout, m\u00e9lange du Br\u00e9sil et de Colombie aux notes de m\u00e9lasse et de chocolat noir \u00e0 88 %. Torr\u00e9faction moyenne et saveur audacieuse.","breadcrumb":{"@id":"https:\/\/specialitycoffee.ca\/fr\/produit\/rumudamo-lave-copy\/#breadcrumb"},"inLanguage":"fr-FR","potentialAction":[{"@type":"ReadAction","target":["https:\/\/specialitycoffee.ca\/fr\/produit\/rumudamo-lave-copy\/"]}]},{"@type":"ImageObject","inLanguage":"fr-FR","@id":"https:\/\/specialitycoffee.ca\/fr\/produit\/rumudamo-lave-copy\/#primaryimage","url":"https:\/\/specialitycoffee.ca\/wp-content\/uploads\/2025\/10\/HATCH-Blackout.png","contentUrl":"https:\/\/specialitycoffee.ca\/wp-content\/uploads\/2025\/10\/HATCH-Blackout.png","width":500,"height":500,"caption":"HATCH - Blackout"},{"@type":"BreadcrumbList","@id":"https:\/\/specialitycoffee.ca\/fr\/produit\/rumudamo-lave-copy\/#breadcrumb","itemListElement":[{"@type":"ListItem","position":1,"name":"Accueil","item":"https:\/\/specialitycoffee.ca\/fr\/cafe-de-specialite-les-meilleurs-grains-de-specialite-directement-de-la-ferme-a-ta-tasse\/"},{"@type":"ListItem","position":2,"name":"Boutique","item":"https:\/\/specialitycoffee.ca\/fr\/boutique\/"},{"@type":"ListItem","position":3,"name":"HATCH &#8211; blackout"}]},{"@type":"WebSite","@id":"https:\/\/pad.gfa.mybluehost.me\/website_dc3d2694\/#website","url":"https:\/\/pad.gfa.mybluehost.me\/website_dc3d2694\/","name":"Speciality Coffee","description":"","publisher":{"@id":"https:\/\/pad.gfa.mybluehost.me\/website_dc3d2694\/#organization"},"potentialAction":[{"@type":"SearchAction","target":{"@type":"EntryPoint","urlTemplate":"https:\/\/pad.gfa.mybluehost.me\/website_dc3d2694\/?s={search_term_string}"},"query-input":{"@type":"PropertyValueSpecification","valueRequired":true,"valueName":"search_term_string"}}],"inLanguage":"fr-FR"},{"@type":"Organization","@id":"https:\/\/pad.gfa.mybluehost.me\/website_dc3d2694\/#organization","name":"Speciality coffee","url":"https:\/\/pad.gfa.mybluehost.me\/website_dc3d2694\/","logo":{"@type":"ImageObject","inLanguage":"fr-FR","@id":"https:\/\/pad.gfa.mybluehost.me\/website_dc3d2694\/#\/schema\/logo\/image\/","url":"https:\/\/specialitycoffee.ca\/wp-content\/uploads\/2025\/07\/logo-main.svg","contentUrl":"https:\/\/specialitycoffee.ca\/wp-content\/uploads\/2025\/07\/logo-main.svg","width":220,"height":104,"caption":"Speciality coffee"},"image":{"@id":"https:\/\/pad.gfa.mybluehost.me\/website_dc3d2694\/#\/schema\/logo\/image\/"},"sameAs":["https:\/\/www.facebook.com\/profile.php?id=61567892415312","https:\/\/www.instagram.com\/specialitycoffee.ca\/"]}]}},"_links":{"self":[{"href":"https:\/\/specialitycoffee.ca\/fr\/wp-json\/wp\/v2\/product\/3764","targetHints":{"allow":["GET"]}}],"collection":[{"href":"https:\/\/specialitycoffee.ca\/fr\/wp-json\/wp\/v2\/product"}],"about":[{"href":"https:\/\/specialitycoffee.ca\/fr\/wp-json\/wp\/v2\/types\/product"}],"replies":[{"embeddable":true,"href":"https:\/\/specialitycoffee.ca\/fr\/wp-json\/wp\/v2\/comments?post=3764"}],"wp:featuredmedia":[{"embeddable":true,"href":"https:\/\/specialitycoffee.ca\/fr\/wp-json\/wp\/v2\/media\/4583"}],"wp:attachment":[{"href":"https:\/\/specialitycoffee.ca\/fr\/wp-json\/wp\/v2\/media?parent=3764"}],"wp:term":[{"taxonomy":"product_brand","embeddable":true,"href":"https:\/\/specialitycoffee.ca\/fr\/wp-json\/wp\/v2\/product_brand?post=3764"},{"taxonomy":"product_cat","embeddable":true,"href":"https:\/\/specialitycoffee.ca\/fr\/wp-json\/wp\/v2\/product_cat?post=3764"},{"taxonomy":"product_tag","embeddable":true,"href":"https:\/\/specialitycoffee.ca\/fr\/wp-json\/wp\/v2\/product_tag?post=3764"},{"taxonomy":"giftcard-category","embeddable":true,"href":"https:\/\/specialitycoffee.ca\/fr\/wp-json\/wp\/v2\/giftcard-category?post=3764"}],"curies":[{"name":"wp","href":"https:\/\/api.w.org\/{rel}","templated":true}]}}