{"id":3324,"date":"2025-10-16T19:49:02","date_gmt":"2025-10-17T00:49:02","guid":{"rendered":"https:\/\/specialitycoffee.ca\/?post_type=product&#038;p=3324"},"modified":"2026-03-30T10:16:05","modified_gmt":"2026-03-30T15:16:05","slug":"banko-chelchele-lave-expresso-copy-copy-copy-copy-copy","status":"publish","type":"product","link":"https:\/\/specialitycoffee.ca\/fr\/produit\/banko-chelchele-lave-expresso-copy-copy-copy-copy-copy\/","title":{"rendered":"DE MELLO &#8211; zumachi d\u00e9caf\u00e9in\u00e9"},"content":{"rendered":"<p>&nbsp;<\/p>\n<table style=\"height: 353px\" width=\"373\">\n<thead>\n<tr>\n<th>\n<p style=\"text-align: left\"><img loading=\"lazy\" decoding=\"async\" loading=\"lazy\" class=\"alignleft wp-image-2155\" style=\"font-family: inherit;font-size: inherit\" src=\"https:\/\/specialitycoffee.ca\/wp-content\/uploads\/2025\/08\/origins.png\" alt=\"\" width=\"50\" height=\"50\" srcset=\"https:\/\/specialitycoffee.ca\/wp-content\/uploads\/2025\/08\/origins.png 150w, https:\/\/specialitycoffee.ca\/wp-content\/uploads\/2025\/08\/origins-100x100.png 100w\" sizes=\"auto, (max-width: 50px) 100vw, 50px\" \/><b style=\"font-family: inherit;font-size: inherit\"><\/b><b style=\"font-family: inherit;font-size: inherit\"><br \/>\nOrigine&nbsp;:<\/b> <span style=\"font-weight: 400\">Colombie<\/span><\/p>\n<p style=\"text-align: left\"><span style=\"font-weight: 400\"> <\/span><\/p>\n<\/th>\n<th><\/th>\n<th><img loading=\"lazy\" decoding=\"async\" loading=\"lazy\" class=\"alignleft wp-image-2167\" style=\"font-family: inherit;font-size: inherit\" src=\"https:\/\/specialitycoffee.ca\/wp-content\/uploads\/2025\/08\/tasting.png\" alt=\"\" width=\"50\" height=\"50\" srcset=\"https:\/\/specialitycoffee.ca\/wp-content\/uploads\/2025\/08\/tasting.png 150w, https:\/\/specialitycoffee.ca\/wp-content\/uploads\/2025\/08\/tasting-100x100.png 100w\" sizes=\"auto, (max-width: 50px) 100vw, 50px\" \/><\/p>\n<p style=\"text-align: left\"><b>Notes gustatives&nbsp;: <span style=\"font-weight: 400\">cassonade, confiture de framboises, orange<\/span><\/b><\/p>\n<\/th>\n<\/tr>\n<tr>\n<th>\n<p style=\"text-align: left\"><b style=\"font-family: inherit;font-size: inherit\"><img loading=\"lazy\" decoding=\"async\" loading=\"lazy\" class=\"alignleft wp-image-2157\" src=\"https:\/\/specialitycoffee.ca\/wp-content\/uploads\/2025\/08\/proccess.png\" alt=\"\" width=\"50\" height=\"50\" srcset=\"https:\/\/specialitycoffee.ca\/wp-content\/uploads\/2025\/08\/proccess.png 150w, https:\/\/specialitycoffee.ca\/wp-content\/uploads\/2025\/08\/proccess-100x100.png 100w\" sizes=\"auto, (max-width: 50px) 100vw, 50px\" \/><\/b><b style=\"font-family: inherit;font-size: inherit\"><\/b><\/p>\n<p style=\"text-align: left\"><b style=\"font-family: inherit;font-size: inherit\">Processus&nbsp;:<\/b> <span style=\"font-weight: 400\">canne \u00e0 sucre, d\u00e9caf\u00e9in\u00e9<\/span><\/p>\n<\/th>\n<th><\/th>\n<th><img loading=\"lazy\" decoding=\"async\" loading=\"lazy\" class=\"alignleft wp-image-2169\" style=\"font-family: inherit;font-size: inherit\" src=\"https:\/\/specialitycoffee.ca\/wp-content\/uploads\/2025\/08\/varieties.png\" alt=\"\" width=\"50\" height=\"50\" srcset=\"https:\/\/specialitycoffee.ca\/wp-content\/uploads\/2025\/08\/varieties.png 150w, https:\/\/specialitycoffee.ca\/wp-content\/uploads\/2025\/08\/varieties-100x100.png 100w\" sizes=\"auto, (max-width: 50px) 100vw, 50px\" \/><\/p>\n<p style=\"text-align: left\"><b>Vari\u00e9t\u00e9s&nbsp;: <span style=\"font-weight: 400\">Castillo, Colombie<\/span><\/b><\/p>\n<\/th>\n<\/tr>\n<tr>\n<th>\n<p style=\"text-align: left\"><b style=\"font-family: inherit;font-size: inherit\"><img loading=\"lazy\" decoding=\"async\" loading=\"lazy\" class=\"alignleft wp-image-2165\" src=\"https:\/\/specialitycoffee.ca\/wp-content\/uploads\/2025\/08\/regions.png\" alt=\"\" width=\"50\" height=\"50\" srcset=\"https:\/\/specialitycoffee.ca\/wp-content\/uploads\/2025\/08\/regions.png 150w, https:\/\/specialitycoffee.ca\/wp-content\/uploads\/2025\/08\/regions-100x100.png 100w\" sizes=\"auto, (max-width: 50px) 100vw, 50px\" \/><\/b><b><\/b><\/p>\n<p style=\"text-align: left\"><b>R\u00e9gion&nbsp;:<\/b> <span style=\"font-weight: 400\">Huila<\/span><\/p>\n<\/th>\n<th><\/th>\n<th><img loading=\"lazy\" decoding=\"async\" loading=\"lazy\" class=\"alignleft wp-image-2163\" style=\"font-family: inherit;font-size: inherit\" src=\"https:\/\/specialitycoffee.ca\/wp-content\/uploads\/2025\/08\/elevation.png\" alt=\"\" width=\"50\" height=\"50\" srcset=\"https:\/\/specialitycoffee.ca\/wp-content\/uploads\/2025\/08\/elevation.png 150w, https:\/\/specialitycoffee.ca\/wp-content\/uploads\/2025\/08\/elevation-100x100.png 100w\" sizes=\"auto, (max-width: 50px) 100vw, 50px\" \/><\/p>\n<p style=\"text-align: left\"><b>Altitude&nbsp;:<\/b> <span style=\"font-weight: 400\">2&nbsp;100&nbsp;m\u00e8tres d\u2019altitude<\/span><\/p>\n<\/th>\n<\/tr>\n<tr>\n<th>\n<p style=\"text-align: left\">\n<\/th>\n<th><\/th>\n<th style=\"text-align: left\">\n<p style=\"text-align: left\">\n<\/th>\n<\/tr>\n<\/thead>\n<\/table>\n<p><strong>Information sur le caf\u00e9<\/strong><\/p>\n<div class=\"wpb_text_column wpb_content_element \">\n<div class=\"wpb_wrapper\">\n<div class=\"wpb_text_column wpb_content_element \">\n<div class=\"wpb_wrapper\">\n<p class=\"p2\">Le caf\u00e9 d\u00e9caf\u00e9in\u00e9, c\u2019est juste de l\u2019eau brun\u00e2tre tristounette&nbsp;? Eh bien, corrigeons cela avec Zumachi D\u00e9caf\u00e9in\u00e9. Ce caf\u00e9 transform\u00e9 \u00e0 partir de canne \u00e0 sucre naturelle pr\u00e9serve la douceur de la cassonade et le caract\u00e8re original d\u2019un caf\u00e9 colombien bien \u00e9quilibr\u00e9 sans sacrifier vos beaux r\u00eaves nocturnes.  <\/p>\n<\/div>\n<\/div>\n<\/div>\n<\/div>\n","protected":false},"excerpt":{"rendered":"<p>227&nbsp;g<br \/>\nProcessus de d\u00e9caf\u00e9ination \u00e0 la canne \u00e0 sucre<br \/>\nDoux et r\u00e9confortant<br \/>\nRoast date: January 8, 2026<\/p>\n","protected":false},"featured_media":3333,"comment_status":"open","ping_status":"closed","template":"","meta":{"nf_dc_page":""},"product_brand":[],"product_cat":[62,73,71,72],"product_tag":[],"giftcard-category":[],"class_list":{"0":"post-3324","1":"product","2":"type-product","3":"status-publish","4":"has-post-thumbnail","6":"product_cat-de-melloo-coffee-roastery","7":"product_cat-decafeine","8":"product_cat-meilleures-ventes","9":"product_cat-soldes","11":"first","12":"instock","13":"shipping-taxable","14":"purchasable","15":"product-type-simple"},"yoast_head":"<!-- This site is optimized with the Yoast SEO plugin v27.3 - https:\/\/yoast.com\/product\/yoast-seo-wordpress\/ -->\n<title>DE MELLO - zumachi d\u00e9caf\u00e9in\u00e9 - Speciality Coffee<\/title>\n<meta name=\"description\" content=\"Zumachi D\u00e9caf\u00e9in\u00e9\u00a0: le d\u00e9caf\u00e9in\u00e9 colombien \u00e0 la canne \u00e0 sucre de De Mello, avec des notes de cassonade, de confiture de framboises et d\u2019orange\u00a0: doux, onctueux et sans caf\u00e9ine.\" \/>\n<meta name=\"robots\" content=\"index, follow, max-snippet:-1, max-image-preview:large, max-video-preview:-1\" \/>\n<link rel=\"canonical\" href=\"https:\/\/specialitycoffee.ca\/fr\/produit\/banko-chelchele-lave-expresso-copy-copy-copy-copy-copy\/\" \/>\n<meta property=\"og:locale\" content=\"fr_FR\" \/>\n<meta property=\"og:type\" content=\"article\" \/>\n<meta property=\"og:title\" content=\"DE MELLO - zumachi d\u00e9caf\u00e9in\u00e9 - Speciality Coffee\" \/>\n<meta property=\"og:description\" content=\"Zumachi D\u00e9caf\u00e9in\u00e9\u00a0: le d\u00e9caf\u00e9in\u00e9 colombien \u00e0 la canne \u00e0 sucre de De Mello, avec des notes de cassonade, de confiture de framboises et d\u2019orange\u00a0: doux, onctueux et sans caf\u00e9ine.\" \/>\n<meta property=\"og:url\" content=\"https:\/\/specialitycoffee.ca\/fr\/produit\/banko-chelchele-lave-expresso-copy-copy-copy-copy-copy\/\" \/>\n<meta property=\"og:site_name\" content=\"Speciality Coffee\" \/>\n<meta property=\"article:publisher\" content=\"https:\/\/www.facebook.com\/profile.php?id=61567892415312\" \/>\n<meta property=\"article:modified_time\" content=\"2026-03-30T15:16:05+00:00\" \/>\n<meta property=\"og:image\" content=\"https:\/\/specialitycoffee.ca\/wp-content\/uploads\/2025\/10\/De_Mello_Coffee_Roasters_Zumachi_227g.webp\" \/>\n\t<meta property=\"og:image:width\" content=\"900\" \/>\n\t<meta property=\"og:image:height\" content=\"900\" \/>\n\t<meta property=\"og:image:type\" content=\"image\/webp\" \/>\n<meta name=\"twitter:card\" content=\"summary_large_image\" \/>\n<meta name=\"twitter:label1\" content=\"Dur\u00e9e de lecture estim\u00e9e\" \/>\n\t<meta name=\"twitter:data1\" content=\"2 minutes\" \/>\n<script type=\"application\/ld+json\" class=\"yoast-schema-graph\">{\"@context\":\"https:\\\/\\\/schema.org\",\"@graph\":[{\"@type\":\"WebPage\",\"@id\":\"https:\\\/\\\/specialitycoffee.ca\\\/fr\\\/produit\\\/banko-chelchele-lave-expresso-copy-copy-copy-copy-copy\\\/\",\"url\":\"https:\\\/\\\/specialitycoffee.ca\\\/fr\\\/produit\\\/banko-chelchele-lave-expresso-copy-copy-copy-copy-copy\\\/\",\"name\":\"DE MELLO - zumachi d\u00e9caf\u00e9in\u00e9 - Speciality Coffee\",\"isPartOf\":{\"@id\":\"https:\\\/\\\/pad.gfa.mybluehost.me\\\/website_dc3d2694\\\/#website\"},\"primaryImageOfPage\":{\"@id\":\"https:\\\/\\\/specialitycoffee.ca\\\/fr\\\/produit\\\/banko-chelchele-lave-expresso-copy-copy-copy-copy-copy\\\/#primaryimage\"},\"image\":{\"@id\":\"https:\\\/\\\/specialitycoffee.ca\\\/fr\\\/produit\\\/banko-chelchele-lave-expresso-copy-copy-copy-copy-copy\\\/#primaryimage\"},\"thumbnailUrl\":\"https:\\\/\\\/specialitycoffee.ca\\\/wp-content\\\/uploads\\\/2025\\\/10\\\/De_Mello_Coffee_Roasters_Zumachi_227g.webp\",\"datePublished\":\"2025-10-17T00:49:02+00:00\",\"dateModified\":\"2026-03-30T15:16:05+00:00\",\"description\":\"Zumachi D\u00e9caf\u00e9in\u00e9\u00a0: le d\u00e9caf\u00e9in\u00e9 colombien \u00e0 la canne \u00e0 sucre de De Mello, avec des notes de cassonade, de confiture de framboises et d\u2019orange\u00a0: doux, onctueux et sans caf\u00e9ine.\",\"breadcrumb\":{\"@id\":\"https:\\\/\\\/specialitycoffee.ca\\\/fr\\\/produit\\\/banko-chelchele-lave-expresso-copy-copy-copy-copy-copy\\\/#breadcrumb\"},\"inLanguage\":\"fr-FR\",\"potentialAction\":[{\"@type\":\"ReadAction\",\"target\":[\"https:\\\/\\\/specialitycoffee.ca\\\/fr\\\/produit\\\/banko-chelchele-lave-expresso-copy-copy-copy-copy-copy\\\/\"]}]},{\"@type\":\"ImageObject\",\"inLanguage\":\"fr-FR\",\"@id\":\"https:\\\/\\\/specialitycoffee.ca\\\/fr\\\/produit\\\/banko-chelchele-lave-expresso-copy-copy-copy-copy-copy\\\/#primaryimage\",\"url\":\"https:\\\/\\\/specialitycoffee.ca\\\/wp-content\\\/uploads\\\/2025\\\/10\\\/De_Mello_Coffee_Roasters_Zumachi_227g.webp\",\"contentUrl\":\"https:\\\/\\\/specialitycoffee.ca\\\/wp-content\\\/uploads\\\/2025\\\/10\\\/De_Mello_Coffee_Roasters_Zumachi_227g.webp\",\"width\":900,\"height\":900},{\"@type\":\"BreadcrumbList\",\"@id\":\"https:\\\/\\\/specialitycoffee.ca\\\/fr\\\/produit\\\/banko-chelchele-lave-expresso-copy-copy-copy-copy-copy\\\/#breadcrumb\",\"itemListElement\":[{\"@type\":\"ListItem\",\"position\":1,\"name\":\"Accueil\",\"item\":\"https:\\\/\\\/specialitycoffee.ca\\\/fr\\\/cafe-de-specialite-les-meilleurs-grains-de-specialite-directement-de-la-ferme-a-ta-tasse\\\/\"},{\"@type\":\"ListItem\",\"position\":2,\"name\":\"Boutique\",\"item\":\"https:\\\/\\\/specialitycoffee.ca\\\/fr\\\/boutique\\\/\"},{\"@type\":\"ListItem\",\"position\":3,\"name\":\"DE MELLO &#8211; zumachi d\u00e9caf\u00e9in\u00e9\"}]},{\"@type\":\"WebSite\",\"@id\":\"https:\\\/\\\/pad.gfa.mybluehost.me\\\/website_dc3d2694\\\/#website\",\"url\":\"https:\\\/\\\/pad.gfa.mybluehost.me\\\/website_dc3d2694\\\/\",\"name\":\"Speciality Coffee\",\"description\":\"\",\"publisher\":{\"@id\":\"https:\\\/\\\/pad.gfa.mybluehost.me\\\/website_dc3d2694\\\/#organization\"},\"potentialAction\":[{\"@type\":\"SearchAction\",\"target\":{\"@type\":\"EntryPoint\",\"urlTemplate\":\"https:\\\/\\\/pad.gfa.mybluehost.me\\\/website_dc3d2694\\\/?s={search_term_string}\"},\"query-input\":{\"@type\":\"PropertyValueSpecification\",\"valueRequired\":true,\"valueName\":\"search_term_string\"}}],\"inLanguage\":\"fr-FR\"},{\"@type\":\"Organization\",\"@id\":\"https:\\\/\\\/pad.gfa.mybluehost.me\\\/website_dc3d2694\\\/#organization\",\"name\":\"Speciality coffee\",\"url\":\"https:\\\/\\\/pad.gfa.mybluehost.me\\\/website_dc3d2694\\\/\",\"logo\":{\"@type\":\"ImageObject\",\"inLanguage\":\"fr-FR\",\"@id\":\"https:\\\/\\\/pad.gfa.mybluehost.me\\\/website_dc3d2694\\\/#\\\/schema\\\/logo\\\/image\\\/\",\"url\":\"https:\\\/\\\/specialitycoffee.ca\\\/wp-content\\\/uploads\\\/2025\\\/07\\\/logo-main.svg\",\"contentUrl\":\"https:\\\/\\\/specialitycoffee.ca\\\/wp-content\\\/uploads\\\/2025\\\/07\\\/logo-main.svg\",\"width\":220,\"height\":104,\"caption\":\"Speciality coffee\"},\"image\":{\"@id\":\"https:\\\/\\\/pad.gfa.mybluehost.me\\\/website_dc3d2694\\\/#\\\/schema\\\/logo\\\/image\\\/\"},\"sameAs\":[\"https:\\\/\\\/www.facebook.com\\\/profile.php?id=61567892415312\",\"https:\\\/\\\/www.instagram.com\\\/specialitycoffee.ca\\\/\"]}]}<\/script>\n<!-- \/ Yoast SEO plugin. -->","yoast_head_json":{"title":"DE MELLO - zumachi d\u00e9caf\u00e9in\u00e9 - Speciality Coffee","description":"Zumachi D\u00e9caf\u00e9in\u00e9\u00a0: le d\u00e9caf\u00e9in\u00e9 colombien \u00e0 la canne \u00e0 sucre de De Mello, avec des notes de cassonade, de confiture de framboises et d\u2019orange\u00a0: doux, onctueux et sans caf\u00e9ine.","robots":{"index":"index","follow":"follow","max-snippet":"max-snippet:-1","max-image-preview":"max-image-preview:large","max-video-preview":"max-video-preview:-1"},"canonical":"https:\/\/specialitycoffee.ca\/fr\/produit\/banko-chelchele-lave-expresso-copy-copy-copy-copy-copy\/","og_locale":"fr_FR","og_type":"article","og_title":"DE MELLO - zumachi d\u00e9caf\u00e9in\u00e9 - Speciality Coffee","og_description":"Zumachi D\u00e9caf\u00e9in\u00e9\u00a0: le d\u00e9caf\u00e9in\u00e9 colombien \u00e0 la canne \u00e0 sucre de De Mello, avec des notes de cassonade, de confiture de framboises et d\u2019orange\u00a0: doux, onctueux et sans caf\u00e9ine.","og_url":"https:\/\/specialitycoffee.ca\/fr\/produit\/banko-chelchele-lave-expresso-copy-copy-copy-copy-copy\/","og_site_name":"Speciality Coffee","article_publisher":"https:\/\/www.facebook.com\/profile.php?id=61567892415312","article_modified_time":"2026-03-30T15:16:05+00:00","og_image":[{"width":900,"height":900,"url":"https:\/\/specialitycoffee.ca\/wp-content\/uploads\/2025\/10\/De_Mello_Coffee_Roasters_Zumachi_227g.webp","type":"image\/webp"}],"twitter_card":"summary_large_image","twitter_misc":{"Dur\u00e9e de lecture estim\u00e9e":"2 minutes"},"schema":{"@context":"https:\/\/schema.org","@graph":[{"@type":"WebPage","@id":"https:\/\/specialitycoffee.ca\/fr\/produit\/banko-chelchele-lave-expresso-copy-copy-copy-copy-copy\/","url":"https:\/\/specialitycoffee.ca\/fr\/produit\/banko-chelchele-lave-expresso-copy-copy-copy-copy-copy\/","name":"DE MELLO - zumachi d\u00e9caf\u00e9in\u00e9 - Speciality Coffee","isPartOf":{"@id":"https:\/\/pad.gfa.mybluehost.me\/website_dc3d2694\/#website"},"primaryImageOfPage":{"@id":"https:\/\/specialitycoffee.ca\/fr\/produit\/banko-chelchele-lave-expresso-copy-copy-copy-copy-copy\/#primaryimage"},"image":{"@id":"https:\/\/specialitycoffee.ca\/fr\/produit\/banko-chelchele-lave-expresso-copy-copy-copy-copy-copy\/#primaryimage"},"thumbnailUrl":"https:\/\/specialitycoffee.ca\/wp-content\/uploads\/2025\/10\/De_Mello_Coffee_Roasters_Zumachi_227g.webp","datePublished":"2025-10-17T00:49:02+00:00","dateModified":"2026-03-30T15:16:05+00:00","description":"Zumachi D\u00e9caf\u00e9in\u00e9\u00a0: le d\u00e9caf\u00e9in\u00e9 colombien \u00e0 la canne \u00e0 sucre de De Mello, avec des notes de cassonade, de confiture de framboises et d\u2019orange\u00a0: doux, onctueux et sans caf\u00e9ine.","breadcrumb":{"@id":"https:\/\/specialitycoffee.ca\/fr\/produit\/banko-chelchele-lave-expresso-copy-copy-copy-copy-copy\/#breadcrumb"},"inLanguage":"fr-FR","potentialAction":[{"@type":"ReadAction","target":["https:\/\/specialitycoffee.ca\/fr\/produit\/banko-chelchele-lave-expresso-copy-copy-copy-copy-copy\/"]}]},{"@type":"ImageObject","inLanguage":"fr-FR","@id":"https:\/\/specialitycoffee.ca\/fr\/produit\/banko-chelchele-lave-expresso-copy-copy-copy-copy-copy\/#primaryimage","url":"https:\/\/specialitycoffee.ca\/wp-content\/uploads\/2025\/10\/De_Mello_Coffee_Roasters_Zumachi_227g.webp","contentUrl":"https:\/\/specialitycoffee.ca\/wp-content\/uploads\/2025\/10\/De_Mello_Coffee_Roasters_Zumachi_227g.webp","width":900,"height":900},{"@type":"BreadcrumbList","@id":"https:\/\/specialitycoffee.ca\/fr\/produit\/banko-chelchele-lave-expresso-copy-copy-copy-copy-copy\/#breadcrumb","itemListElement":[{"@type":"ListItem","position":1,"name":"Accueil","item":"https:\/\/specialitycoffee.ca\/fr\/cafe-de-specialite-les-meilleurs-grains-de-specialite-directement-de-la-ferme-a-ta-tasse\/"},{"@type":"ListItem","position":2,"name":"Boutique","item":"https:\/\/specialitycoffee.ca\/fr\/boutique\/"},{"@type":"ListItem","position":3,"name":"DE MELLO &#8211; zumachi d\u00e9caf\u00e9in\u00e9"}]},{"@type":"WebSite","@id":"https:\/\/pad.gfa.mybluehost.me\/website_dc3d2694\/#website","url":"https:\/\/pad.gfa.mybluehost.me\/website_dc3d2694\/","name":"Speciality Coffee","description":"","publisher":{"@id":"https:\/\/pad.gfa.mybluehost.me\/website_dc3d2694\/#organization"},"potentialAction":[{"@type":"SearchAction","target":{"@type":"EntryPoint","urlTemplate":"https:\/\/pad.gfa.mybluehost.me\/website_dc3d2694\/?s={search_term_string}"},"query-input":{"@type":"PropertyValueSpecification","valueRequired":true,"valueName":"search_term_string"}}],"inLanguage":"fr-FR"},{"@type":"Organization","@id":"https:\/\/pad.gfa.mybluehost.me\/website_dc3d2694\/#organization","name":"Speciality coffee","url":"https:\/\/pad.gfa.mybluehost.me\/website_dc3d2694\/","logo":{"@type":"ImageObject","inLanguage":"fr-FR","@id":"https:\/\/pad.gfa.mybluehost.me\/website_dc3d2694\/#\/schema\/logo\/image\/","url":"https:\/\/specialitycoffee.ca\/wp-content\/uploads\/2025\/07\/logo-main.svg","contentUrl":"https:\/\/specialitycoffee.ca\/wp-content\/uploads\/2025\/07\/logo-main.svg","width":220,"height":104,"caption":"Speciality coffee"},"image":{"@id":"https:\/\/pad.gfa.mybluehost.me\/website_dc3d2694\/#\/schema\/logo\/image\/"},"sameAs":["https:\/\/www.facebook.com\/profile.php?id=61567892415312","https:\/\/www.instagram.com\/specialitycoffee.ca\/"]}]}},"_links":{"self":[{"href":"https:\/\/specialitycoffee.ca\/fr\/wp-json\/wp\/v2\/product\/3324","targetHints":{"allow":["GET"]}}],"collection":[{"href":"https:\/\/specialitycoffee.ca\/fr\/wp-json\/wp\/v2\/product"}],"about":[{"href":"https:\/\/specialitycoffee.ca\/fr\/wp-json\/wp\/v2\/types\/product"}],"replies":[{"embeddable":true,"href":"https:\/\/specialitycoffee.ca\/fr\/wp-json\/wp\/v2\/comments?post=3324"}],"wp:featuredmedia":[{"embeddable":true,"href":"https:\/\/specialitycoffee.ca\/fr\/wp-json\/wp\/v2\/media\/3333"}],"wp:attachment":[{"href":"https:\/\/specialitycoffee.ca\/fr\/wp-json\/wp\/v2\/media?parent=3324"}],"wp:term":[{"taxonomy":"product_brand","embeddable":true,"href":"https:\/\/specialitycoffee.ca\/fr\/wp-json\/wp\/v2\/product_brand?post=3324"},{"taxonomy":"product_cat","embeddable":true,"href":"https:\/\/specialitycoffee.ca\/fr\/wp-json\/wp\/v2\/product_cat?post=3324"},{"taxonomy":"product_tag","embeddable":true,"href":"https:\/\/specialitycoffee.ca\/fr\/wp-json\/wp\/v2\/product_tag?post=3324"},{"taxonomy":"giftcard-category","embeddable":true,"href":"https:\/\/specialitycoffee.ca\/fr\/wp-json\/wp\/v2\/giftcard-category?post=3324"}],"curies":[{"name":"wp","href":"https:\/\/api.w.org\/{rel}","templated":true}]}}