{"id":3310,"date":"2025-10-16T18:51:27","date_gmt":"2025-10-16T18:51:27","guid":{"rendered":"https:\/\/specialitycoffee.ca\/?post_type=product&#038;p=3310"},"modified":"2026-03-30T10:16:05","modified_gmt":"2026-03-30T15:16:05","slug":"banko-chelchele-lave-expresso-copy-copy-copy-copy-2","status":"publish","type":"product","link":"https:\/\/specialitycoffee.ca\/fr\/produit\/banko-chelchele-lave-expresso-copy-copy-copy-copy-2\/","title":{"rendered":"DE MELLO &#8211; caf\u00e9 magique"},"content":{"rendered":"<p>&nbsp;<\/p>\n<table style=\"height: 353px\" width=\"373\">\n<thead>\n<tr>\n<th>\n<p style=\"text-align: left\"><img loading=\"lazy\" decoding=\"async\" loading=\"lazy\" class=\"alignleft wp-image-2155\" style=\"font-family: inherit;font-size: inherit\" src=\"https:\/\/specialitycoffee.ca\/wp-content\/uploads\/2025\/08\/origins.png\" alt=\"\" width=\"50\" height=\"50\" srcset=\"https:\/\/specialitycoffee.ca\/wp-content\/uploads\/2025\/08\/origins.png 150w, https:\/\/specialitycoffee.ca\/wp-content\/uploads\/2025\/08\/origins-100x100.png 100w\" sizes=\"auto, (max-width: 50px) 100vw, 50px\" \/><b style=\"font-family: inherit;font-size: inherit\"><\/b><b style=\"font-family: inherit;font-size: inherit\"><br \/>\nOrigine : <\/b><span style=\"font-weight: 400\">Rwanda cyesha, Papouasie-Nouvelle-Guin\u00e9e, Colombie Santa Barbara<\/span><\/p>\n<p style=\"text-align: left\"><span style=\"font-weight: 400\"> <\/span><\/p>\n<\/th>\n<th><\/th>\n<th><img loading=\"lazy\" decoding=\"async\" loading=\"lazy\" class=\"alignleft wp-image-2167\" style=\"font-family: inherit;font-size: inherit\" src=\"https:\/\/specialitycoffee.ca\/wp-content\/uploads\/2025\/08\/tasting.png\" alt=\"\" width=\"50\" height=\"50\" srcset=\"https:\/\/specialitycoffee.ca\/wp-content\/uploads\/2025\/08\/tasting.png 150w, https:\/\/specialitycoffee.ca\/wp-content\/uploads\/2025\/08\/tasting-100x100.png 100w\" sizes=\"auto, (max-width: 50px) 100vw, 50px\" \/><\/p>\n<p style=\"text-align: left\"><b>Notes gustatives : <span style=\"font-weight: 400\">Prune japonaise, Fleur d&#8217;oranger, Sucette au lait<\/span><\/b><\/p>\n<\/th>\n<\/tr>\n<tr>\n<th>\n<p style=\"text-align: left\"><b style=\"font-family: inherit;font-size: inherit\"><img loading=\"lazy\" decoding=\"async\" loading=\"lazy\" class=\"alignleft wp-image-2157\" src=\"https:\/\/specialitycoffee.ca\/wp-content\/uploads\/2025\/08\/proccess.png\" alt=\"\" width=\"50\" height=\"50\" srcset=\"https:\/\/specialitycoffee.ca\/wp-content\/uploads\/2025\/08\/proccess.png 150w, https:\/\/specialitycoffee.ca\/wp-content\/uploads\/2025\/08\/proccess-100x100.png 100w\" sizes=\"auto, (max-width: 50px) 100vw, 50px\" \/><\/b><b style=\"font-family: inherit;font-size: inherit\"><\/b><\/p>\n<p style=\"text-align: left\"><b style=\"font-family: inherit;font-size: inherit\">Proc\u00e9d\u00e9 : <\/b><span style=\"font-weight: 400\">lav\u00e9<\/span><\/p>\n<\/th>\n<th><\/th>\n<th>\n<p style=\"text-align: left\">\n<\/th>\n<\/tr>\n<tr>\n<th>\n<p style=\"text-align: left\">\n<\/th>\n<th><\/th>\n<th>\n<p style=\"text-align: left\">\n<\/th>\n<\/tr>\n<tr>\n<th>\n<p style=\"text-align: left\">\n<\/th>\n<th><\/th>\n<th style=\"text-align: left\">\n<p style=\"text-align: left\">\n<\/th>\n<\/tr>\n<\/thead>\n<\/table>\n<p><strong>Information sur le caf\u00e9<\/strong><\/p>\n<p><b>D\u00e9couvrez &#8220;Caf\u00e9 Magique&#8221; <\/b>\u2013 un m\u00e9lange de caf\u00e9 qui apporte l&#8217;enchantement de Montr\u00e9al dans ta tasse. \u00c9labor\u00e9 avec une profonde appr\u00e9ciation pour cette ville dynamique, notre objectif \u00e9tait de capturer l&#8217;essence du caract\u00e8re unique de Montr\u00e9al, sa culture diverse et son riche patrimoine. En hommage \u00e0 notre deuxi\u00e8me chez-nous, &#8220;Caf\u00e9 Magique&#8221; est un m\u00e9lange exotique et vivant qui t&#8217;emm\u00e8ne dans un voyage sensoriel \u00e0 travers les rues anim\u00e9es et le c\u0153ur cr\u00e9atif de Montr\u00e9al.  <\/p>\n<p>Avec des notes gustatives de prune japonaise, de fleur d&#8217;oranger et de sucette au lait, &#8220;Caf\u00e9 Magique&#8221; offre une exp\u00e9rience exotique et fruit\u00e9e incomparable. Son profil original et net refl\u00e8te parfaitement l&#8217;\u00e9nergie dynamique de la ville et sa riche tapisserie de cultures. Ce m\u00e9lange de caf\u00e9 est con\u00e7u pour ceux qui recherchent un go\u00fbt extraordinaire \u2013 une tasse qui c\u00e9l\u00e8bre la magie de Montr\u00e9al, de ses quartiers captivants \u00e0 ses habitants pleins de vie. Bienvenue dans l&#8217;enchantement de &#8220;Caf\u00e9 Magique&#8221;, o\u00f9 chaque gorg\u00e9e est un passeport vers le c\u0153ur et l&#8217;\u00e2me de Montr\u00e9al.   <\/p>\n","protected":false},"excerpt":{"rendered":"<p>227g<\/p>\n<p>M\u00e9lange<\/p>\n<p>Fruit\u00e9 et complexe<\/p>\n","protected":false},"featured_media":3322,"comment_status":"open","ping_status":"closed","template":"","meta":{"nf_dc_page":""},"product_brand":[],"product_cat":[62,68,71],"product_tag":[],"giftcard-category":[],"class_list":{"0":"post-3310","1":"product","2":"type-product","3":"status-publish","4":"has-post-thumbnail","6":"product_cat-de-melloo-coffee-roastery","7":"product_cat-cafe-espresso-en-grains-entiers","8":"product_cat-meilleures-ventes","10":"first","11":"instock","12":"shipping-taxable","13":"purchasable","14":"product-type-simple"},"yoast_head":"<!-- This site is optimized with the Yoast SEO plugin v27.3 - https:\/\/yoast.com\/product\/yoast-seo-wordpress\/ -->\n<title>DE MELLO - caf\u00e9 magique - Speciality Coffee<\/title>\n<meta name=\"description\" content=\"Caf\u00e9 Magique : Le m\u00e9lange vibrant de De Mello aux notes de prune japonaise, de fleur d&#039;oranger et de sucette au lait \u2014 inspir\u00e9 par l&#039;esprit cr\u00e9atif de Montr\u00e9al.\" \/>\n<meta name=\"robots\" content=\"index, follow, max-snippet:-1, max-image-preview:large, max-video-preview:-1\" \/>\n<link rel=\"canonical\" href=\"https:\/\/specialitycoffee.ca\/fr\/produit\/banko-chelchele-lave-expresso-copy-copy-copy-copy-2\/\" \/>\n<meta property=\"og:locale\" content=\"fr_FR\" \/>\n<meta property=\"og:type\" content=\"article\" \/>\n<meta property=\"og:title\" content=\"DE MELLO - caf\u00e9 magique - Speciality Coffee\" \/>\n<meta property=\"og:description\" content=\"Caf\u00e9 Magique : Le m\u00e9lange vibrant de De Mello aux notes de prune japonaise, de fleur d&#039;oranger et de sucette au lait \u2014 inspir\u00e9 par l&#039;esprit cr\u00e9atif de Montr\u00e9al.\" \/>\n<meta property=\"og:url\" content=\"https:\/\/specialitycoffee.ca\/fr\/produit\/banko-chelchele-lave-expresso-copy-copy-copy-copy-2\/\" \/>\n<meta property=\"og:site_name\" content=\"Speciality Coffee\" \/>\n<meta property=\"article:publisher\" content=\"https:\/\/www.facebook.com\/profile.php?id=61567892415312\" \/>\n<meta property=\"article:modified_time\" content=\"2026-03-30T15:16:05+00:00\" \/>\n<meta property=\"og:image\" content=\"https:\/\/specialitycoffee.ca\/wp-content\/uploads\/2025\/10\/magique.webp\" \/>\n\t<meta property=\"og:image:width\" content=\"900\" \/>\n\t<meta property=\"og:image:height\" content=\"900\" \/>\n\t<meta property=\"og:image:type\" content=\"image\/webp\" \/>\n<meta name=\"twitter:card\" content=\"summary_large_image\" \/>\n<meta name=\"twitter:label1\" content=\"Dur\u00e9e de lecture estim\u00e9e\" \/>\n\t<meta name=\"twitter:data1\" content=\"2 minutes\" \/>\n<script type=\"application\/ld+json\" class=\"yoast-schema-graph\">{\"@context\":\"https:\\\/\\\/schema.org\",\"@graph\":[{\"@type\":\"WebPage\",\"@id\":\"https:\\\/\\\/specialitycoffee.ca\\\/fr\\\/produit\\\/banko-chelchele-lave-expresso-copy-copy-copy-copy-2\\\/\",\"url\":\"https:\\\/\\\/specialitycoffee.ca\\\/fr\\\/produit\\\/banko-chelchele-lave-expresso-copy-copy-copy-copy-2\\\/\",\"name\":\"DE MELLO - caf\u00e9 magique - Speciality Coffee\",\"isPartOf\":{\"@id\":\"https:\\\/\\\/pad.gfa.mybluehost.me\\\/website_dc3d2694\\\/#website\"},\"primaryImageOfPage\":{\"@id\":\"https:\\\/\\\/specialitycoffee.ca\\\/fr\\\/produit\\\/banko-chelchele-lave-expresso-copy-copy-copy-copy-2\\\/#primaryimage\"},\"image\":{\"@id\":\"https:\\\/\\\/specialitycoffee.ca\\\/fr\\\/produit\\\/banko-chelchele-lave-expresso-copy-copy-copy-copy-2\\\/#primaryimage\"},\"thumbnailUrl\":\"https:\\\/\\\/specialitycoffee.ca\\\/wp-content\\\/uploads\\\/2025\\\/10\\\/magique.webp\",\"datePublished\":\"2025-10-16T18:51:27+00:00\",\"dateModified\":\"2026-03-30T15:16:05+00:00\",\"description\":\"Caf\u00e9 Magique : Le m\u00e9lange vibrant de De Mello aux notes de prune japonaise, de fleur d'oranger et de sucette au lait \u2014 inspir\u00e9 par l'esprit cr\u00e9atif de Montr\u00e9al.\",\"breadcrumb\":{\"@id\":\"https:\\\/\\\/specialitycoffee.ca\\\/fr\\\/produit\\\/banko-chelchele-lave-expresso-copy-copy-copy-copy-2\\\/#breadcrumb\"},\"inLanguage\":\"fr-FR\",\"potentialAction\":[{\"@type\":\"ReadAction\",\"target\":[\"https:\\\/\\\/specialitycoffee.ca\\\/fr\\\/produit\\\/banko-chelchele-lave-expresso-copy-copy-copy-copy-2\\\/\"]}]},{\"@type\":\"ImageObject\",\"inLanguage\":\"fr-FR\",\"@id\":\"https:\\\/\\\/specialitycoffee.ca\\\/fr\\\/produit\\\/banko-chelchele-lave-expresso-copy-copy-copy-copy-2\\\/#primaryimage\",\"url\":\"https:\\\/\\\/specialitycoffee.ca\\\/wp-content\\\/uploads\\\/2025\\\/10\\\/magique.webp\",\"contentUrl\":\"https:\\\/\\\/specialitycoffee.ca\\\/wp-content\\\/uploads\\\/2025\\\/10\\\/magique.webp\",\"width\":900,\"height\":900},{\"@type\":\"BreadcrumbList\",\"@id\":\"https:\\\/\\\/specialitycoffee.ca\\\/fr\\\/produit\\\/banko-chelchele-lave-expresso-copy-copy-copy-copy-2\\\/#breadcrumb\",\"itemListElement\":[{\"@type\":\"ListItem\",\"position\":1,\"name\":\"Accueil\",\"item\":\"https:\\\/\\\/specialitycoffee.ca\\\/fr\\\/cafe-de-specialite-les-meilleurs-grains-de-specialite-directement-de-la-ferme-a-ta-tasse\\\/\"},{\"@type\":\"ListItem\",\"position\":2,\"name\":\"Boutique\",\"item\":\"https:\\\/\\\/specialitycoffee.ca\\\/fr\\\/boutique\\\/\"},{\"@type\":\"ListItem\",\"position\":3,\"name\":\"DE MELLO &#8211; caf\u00e9 magique\"}]},{\"@type\":\"WebSite\",\"@id\":\"https:\\\/\\\/pad.gfa.mybluehost.me\\\/website_dc3d2694\\\/#website\",\"url\":\"https:\\\/\\\/pad.gfa.mybluehost.me\\\/website_dc3d2694\\\/\",\"name\":\"Speciality Coffee\",\"description\":\"\",\"publisher\":{\"@id\":\"https:\\\/\\\/pad.gfa.mybluehost.me\\\/website_dc3d2694\\\/#organization\"},\"potentialAction\":[{\"@type\":\"SearchAction\",\"target\":{\"@type\":\"EntryPoint\",\"urlTemplate\":\"https:\\\/\\\/pad.gfa.mybluehost.me\\\/website_dc3d2694\\\/?s={search_term_string}\"},\"query-input\":{\"@type\":\"PropertyValueSpecification\",\"valueRequired\":true,\"valueName\":\"search_term_string\"}}],\"inLanguage\":\"fr-FR\"},{\"@type\":\"Organization\",\"@id\":\"https:\\\/\\\/pad.gfa.mybluehost.me\\\/website_dc3d2694\\\/#organization\",\"name\":\"Speciality coffee\",\"url\":\"https:\\\/\\\/pad.gfa.mybluehost.me\\\/website_dc3d2694\\\/\",\"logo\":{\"@type\":\"ImageObject\",\"inLanguage\":\"fr-FR\",\"@id\":\"https:\\\/\\\/pad.gfa.mybluehost.me\\\/website_dc3d2694\\\/#\\\/schema\\\/logo\\\/image\\\/\",\"url\":\"https:\\\/\\\/specialitycoffee.ca\\\/wp-content\\\/uploads\\\/2025\\\/07\\\/logo-main.svg\",\"contentUrl\":\"https:\\\/\\\/specialitycoffee.ca\\\/wp-content\\\/uploads\\\/2025\\\/07\\\/logo-main.svg\",\"width\":220,\"height\":104,\"caption\":\"Speciality coffee\"},\"image\":{\"@id\":\"https:\\\/\\\/pad.gfa.mybluehost.me\\\/website_dc3d2694\\\/#\\\/schema\\\/logo\\\/image\\\/\"},\"sameAs\":[\"https:\\\/\\\/www.facebook.com\\\/profile.php?id=61567892415312\",\"https:\\\/\\\/www.instagram.com\\\/specialitycoffee.ca\\\/\"]}]}<\/script>\n<!-- \/ Yoast SEO plugin. -->","yoast_head_json":{"title":"DE MELLO - caf\u00e9 magique - Speciality Coffee","description":"Caf\u00e9 Magique : Le m\u00e9lange vibrant de De Mello aux notes de prune japonaise, de fleur d'oranger et de sucette au lait \u2014 inspir\u00e9 par l'esprit cr\u00e9atif de Montr\u00e9al.","robots":{"index":"index","follow":"follow","max-snippet":"max-snippet:-1","max-image-preview":"max-image-preview:large","max-video-preview":"max-video-preview:-1"},"canonical":"https:\/\/specialitycoffee.ca\/fr\/produit\/banko-chelchele-lave-expresso-copy-copy-copy-copy-2\/","og_locale":"fr_FR","og_type":"article","og_title":"DE MELLO - caf\u00e9 magique - Speciality Coffee","og_description":"Caf\u00e9 Magique : Le m\u00e9lange vibrant de De Mello aux notes de prune japonaise, de fleur d'oranger et de sucette au lait \u2014 inspir\u00e9 par l'esprit cr\u00e9atif de Montr\u00e9al.","og_url":"https:\/\/specialitycoffee.ca\/fr\/produit\/banko-chelchele-lave-expresso-copy-copy-copy-copy-2\/","og_site_name":"Speciality Coffee","article_publisher":"https:\/\/www.facebook.com\/profile.php?id=61567892415312","article_modified_time":"2026-03-30T15:16:05+00:00","og_image":[{"width":900,"height":900,"url":"https:\/\/specialitycoffee.ca\/wp-content\/uploads\/2025\/10\/magique.webp","type":"image\/webp"}],"twitter_card":"summary_large_image","twitter_misc":{"Dur\u00e9e de lecture estim\u00e9e":"2 minutes"},"schema":{"@context":"https:\/\/schema.org","@graph":[{"@type":"WebPage","@id":"https:\/\/specialitycoffee.ca\/fr\/produit\/banko-chelchele-lave-expresso-copy-copy-copy-copy-2\/","url":"https:\/\/specialitycoffee.ca\/fr\/produit\/banko-chelchele-lave-expresso-copy-copy-copy-copy-2\/","name":"DE MELLO - caf\u00e9 magique - Speciality Coffee","isPartOf":{"@id":"https:\/\/pad.gfa.mybluehost.me\/website_dc3d2694\/#website"},"primaryImageOfPage":{"@id":"https:\/\/specialitycoffee.ca\/fr\/produit\/banko-chelchele-lave-expresso-copy-copy-copy-copy-2\/#primaryimage"},"image":{"@id":"https:\/\/specialitycoffee.ca\/fr\/produit\/banko-chelchele-lave-expresso-copy-copy-copy-copy-2\/#primaryimage"},"thumbnailUrl":"https:\/\/specialitycoffee.ca\/wp-content\/uploads\/2025\/10\/magique.webp","datePublished":"2025-10-16T18:51:27+00:00","dateModified":"2026-03-30T15:16:05+00:00","description":"Caf\u00e9 Magique : Le m\u00e9lange vibrant de De Mello aux notes de prune japonaise, de fleur d'oranger et de sucette au lait \u2014 inspir\u00e9 par l'esprit cr\u00e9atif de Montr\u00e9al.","breadcrumb":{"@id":"https:\/\/specialitycoffee.ca\/fr\/produit\/banko-chelchele-lave-expresso-copy-copy-copy-copy-2\/#breadcrumb"},"inLanguage":"fr-FR","potentialAction":[{"@type":"ReadAction","target":["https:\/\/specialitycoffee.ca\/fr\/produit\/banko-chelchele-lave-expresso-copy-copy-copy-copy-2\/"]}]},{"@type":"ImageObject","inLanguage":"fr-FR","@id":"https:\/\/specialitycoffee.ca\/fr\/produit\/banko-chelchele-lave-expresso-copy-copy-copy-copy-2\/#primaryimage","url":"https:\/\/specialitycoffee.ca\/wp-content\/uploads\/2025\/10\/magique.webp","contentUrl":"https:\/\/specialitycoffee.ca\/wp-content\/uploads\/2025\/10\/magique.webp","width":900,"height":900},{"@type":"BreadcrumbList","@id":"https:\/\/specialitycoffee.ca\/fr\/produit\/banko-chelchele-lave-expresso-copy-copy-copy-copy-2\/#breadcrumb","itemListElement":[{"@type":"ListItem","position":1,"name":"Accueil","item":"https:\/\/specialitycoffee.ca\/fr\/cafe-de-specialite-les-meilleurs-grains-de-specialite-directement-de-la-ferme-a-ta-tasse\/"},{"@type":"ListItem","position":2,"name":"Boutique","item":"https:\/\/specialitycoffee.ca\/fr\/boutique\/"},{"@type":"ListItem","position":3,"name":"DE MELLO &#8211; caf\u00e9 magique"}]},{"@type":"WebSite","@id":"https:\/\/pad.gfa.mybluehost.me\/website_dc3d2694\/#website","url":"https:\/\/pad.gfa.mybluehost.me\/website_dc3d2694\/","name":"Speciality Coffee","description":"","publisher":{"@id":"https:\/\/pad.gfa.mybluehost.me\/website_dc3d2694\/#organization"},"potentialAction":[{"@type":"SearchAction","target":{"@type":"EntryPoint","urlTemplate":"https:\/\/pad.gfa.mybluehost.me\/website_dc3d2694\/?s={search_term_string}"},"query-input":{"@type":"PropertyValueSpecification","valueRequired":true,"valueName":"search_term_string"}}],"inLanguage":"fr-FR"},{"@type":"Organization","@id":"https:\/\/pad.gfa.mybluehost.me\/website_dc3d2694\/#organization","name":"Speciality coffee","url":"https:\/\/pad.gfa.mybluehost.me\/website_dc3d2694\/","logo":{"@type":"ImageObject","inLanguage":"fr-FR","@id":"https:\/\/pad.gfa.mybluehost.me\/website_dc3d2694\/#\/schema\/logo\/image\/","url":"https:\/\/specialitycoffee.ca\/wp-content\/uploads\/2025\/07\/logo-main.svg","contentUrl":"https:\/\/specialitycoffee.ca\/wp-content\/uploads\/2025\/07\/logo-main.svg","width":220,"height":104,"caption":"Speciality coffee"},"image":{"@id":"https:\/\/pad.gfa.mybluehost.me\/website_dc3d2694\/#\/schema\/logo\/image\/"},"sameAs":["https:\/\/www.facebook.com\/profile.php?id=61567892415312","https:\/\/www.instagram.com\/specialitycoffee.ca\/"]}]}},"_links":{"self":[{"href":"https:\/\/specialitycoffee.ca\/fr\/wp-json\/wp\/v2\/product\/3310","targetHints":{"allow":["GET"]}}],"collection":[{"href":"https:\/\/specialitycoffee.ca\/fr\/wp-json\/wp\/v2\/product"}],"about":[{"href":"https:\/\/specialitycoffee.ca\/fr\/wp-json\/wp\/v2\/types\/product"}],"replies":[{"embeddable":true,"href":"https:\/\/specialitycoffee.ca\/fr\/wp-json\/wp\/v2\/comments?post=3310"}],"wp:featuredmedia":[{"embeddable":true,"href":"https:\/\/specialitycoffee.ca\/fr\/wp-json\/wp\/v2\/media\/3322"}],"wp:attachment":[{"href":"https:\/\/specialitycoffee.ca\/fr\/wp-json\/wp\/v2\/media?parent=3310"}],"wp:term":[{"taxonomy":"product_brand","embeddable":true,"href":"https:\/\/specialitycoffee.ca\/fr\/wp-json\/wp\/v2\/product_brand?post=3310"},{"taxonomy":"product_cat","embeddable":true,"href":"https:\/\/specialitycoffee.ca\/fr\/wp-json\/wp\/v2\/product_cat?post=3310"},{"taxonomy":"product_tag","embeddable":true,"href":"https:\/\/specialitycoffee.ca\/fr\/wp-json\/wp\/v2\/product_tag?post=3310"},{"taxonomy":"giftcard-category","embeddable":true,"href":"https:\/\/specialitycoffee.ca\/fr\/wp-json\/wp\/v2\/giftcard-category?post=3310"}],"curies":[{"name":"wp","href":"https:\/\/api.w.org\/{rel}","templated":true}]}}