{"id":3280,"date":"2025-10-16T16:35:55","date_gmt":"2025-10-16T16:35:55","guid":{"rendered":"https:\/\/specialitycoffee.ca\/?post_type=product&#038;p=3280"},"modified":"2025-12-04T16:31:50","modified_gmt":"2025-12-04T21:31:50","slug":"banko-chelchele-lave-expresso-copy","status":"publish","type":"product","link":"https:\/\/specialitycoffee.ca\/fr\/produit\/banko-chelchele-lave-expresso-copy\/","title":{"rendered":"MONOGRAM &#8211; Banko Chelchele Supernatural Espresso"},"content":{"rendered":"<p>&nbsp;<\/p>\n<table style=\"height: 353px;\" width=\"373\">\n<thead>\n<tr>\n<th>\n<p style=\"text-align: left;\"><img loading=\"lazy\" decoding=\"async\" loading=\"lazy\" class=\"alignleft wp-image-2155\" style=\"font-family: inherit; font-size: inherit;\" src=\"https:\/\/specialitycoffee.ca\/wp-content\/uploads\/2025\/08\/origins.png\" alt=\"\" width=\"50\" height=\"50\" srcset=\"https:\/\/specialitycoffee.ca\/wp-content\/uploads\/2025\/08\/origins.png 150w, https:\/\/specialitycoffee.ca\/wp-content\/uploads\/2025\/08\/origins-100x100.png 100w\" sizes=\"auto, (max-width: 50px) 100vw, 50px\" \/><b style=\"font-family: inherit; font-size: inherit;\"><\/b><b style=\"font-family: inherit; font-size: inherit;\"><br \/>\nOrigine : <\/b><span style=\"font-weight: 400;\">\u00c9thiopie<\/span><\/p>\n<p style=\"text-align: left;\"><span style=\"font-weight: 400;\"> <\/span><\/p>\n<\/th>\n<th><\/th>\n<th><img loading=\"lazy\" decoding=\"async\" loading=\"lazy\" class=\"alignleft wp-image-2167\" style=\"font-family: inherit; font-size: inherit;\" src=\"https:\/\/specialitycoffee.ca\/wp-content\/uploads\/2025\/08\/tasting.png\" alt=\"\" width=\"50\" height=\"50\" srcset=\"https:\/\/specialitycoffee.ca\/wp-content\/uploads\/2025\/08\/tasting.png 150w, https:\/\/specialitycoffee.ca\/wp-content\/uploads\/2025\/08\/tasting-100x100.png 100w\" sizes=\"auto, (max-width: 50px) 100vw, 50px\" \/><\/p>\n<p style=\"text-align: left;\"><b>Notes de d\u00e9gustation : <\/b><span style=\"font-weight: 400;\">Cerise, Fraise, Fruit \u00e0 noyau<\/span><\/p>\n<\/th>\n<\/tr>\n<tr>\n<th>\n<p style=\"text-align: left;\"><b style=\"font-family: inherit; font-size: inherit;\"><img loading=\"lazy\" decoding=\"async\" loading=\"lazy\" class=\"alignleft wp-image-2157\" src=\"https:\/\/specialitycoffee.ca\/wp-content\/uploads\/2025\/08\/proccess.png\" alt=\"\" width=\"50\" height=\"50\" srcset=\"https:\/\/specialitycoffee.ca\/wp-content\/uploads\/2025\/08\/proccess.png 150w, https:\/\/specialitycoffee.ca\/wp-content\/uploads\/2025\/08\/proccess-100x100.png 100w\" sizes=\"auto, (max-width: 50px) 100vw, 50px\" \/><\/b><b style=\"font-family: inherit; font-size: inherit;\"><\/b><\/p>\n<p style=\"text-align: left;\"><b style=\"font-family: inherit; font-size: inherit;\">Proc\u00e9d\u00e9 : <\/b><span style=\"font-weight: 400;\">nature ana\u00e9robie<\/span><\/p>\n<\/th>\n<th><\/th>\n<th><img loading=\"lazy\" decoding=\"async\" loading=\"lazy\" class=\"alignleft wp-image-2169\" style=\"font-family: inherit; font-size: inherit;\" src=\"https:\/\/specialitycoffee.ca\/wp-content\/uploads\/2025\/08\/varieties.png\" alt=\"\" width=\"50\" height=\"50\" srcset=\"https:\/\/specialitycoffee.ca\/wp-content\/uploads\/2025\/08\/varieties.png 150w, https:\/\/specialitycoffee.ca\/wp-content\/uploads\/2025\/08\/varieties-100x100.png 100w\" sizes=\"auto, (max-width: 50px) 100vw, 50px\" \/><\/p>\n<p style=\"text-align: left;\"><b>Vari\u00e9t\u00e9s : <span style=\"font-weight: 400;\">74110, 74112<\/span><\/b><\/p>\n<\/th>\n<\/tr>\n<tr>\n<th>\n<p style=\"text-align: left;\"><b style=\"font-family: inherit; font-size: inherit;\"><img loading=\"lazy\" decoding=\"async\" loading=\"lazy\" class=\"alignleft wp-image-2165\" src=\"https:\/\/specialitycoffee.ca\/wp-content\/uploads\/2025\/08\/regions.png\" alt=\"\" width=\"50\" height=\"50\" srcset=\"https:\/\/specialitycoffee.ca\/wp-content\/uploads\/2025\/08\/regions.png 150w, https:\/\/specialitycoffee.ca\/wp-content\/uploads\/2025\/08\/regions-100x100.png 100w\" sizes=\"auto, (max-width: 50px) 100vw, 50px\" \/><\/b><b><\/b><\/p>\n<p style=\"text-align: left;\"><b>R\u00e9gion :<\/b> <span style=\"font-weight: 400;\">yirgacheffe<\/span><\/p>\n<\/th>\n<th><\/th>\n<th>\n<p style=\"text-align: left;\"><img loading=\"lazy\" decoding=\"async\" loading=\"lazy\" class=\"alignleft wp-image-2159\" style=\"font-family: inherit; font-size: inherit;\" src=\"https:\/\/specialitycoffee.ca\/wp-content\/uploads\/2025\/08\/brew.png\" alt=\"\" width=\"50\" height=\"50\" srcset=\"https:\/\/specialitycoffee.ca\/wp-content\/uploads\/2025\/08\/brew.png 150w, https:\/\/specialitycoffee.ca\/wp-content\/uploads\/2025\/08\/brew-100x100.png 100w\" sizes=\"auto, (max-width: 50px) 100vw, 50px\" \/><b style=\"font-family: inherit; font-size: inherit;\">Niveau de torr\u00e9faction : <\/b><span style=\"font-weight: 400;\">Torr\u00e9faction moyenne<\/span><\/p>\n<\/th>\n<\/tr>\n<tr>\n<th>\n<p style=\"text-align: left;\">\n<\/th>\n<th><\/th>\n<th style=\"text-align: left;\">\n<p style=\"text-align: left;\">\n<\/th>\n<\/tr>\n<\/thead>\n<\/table>\n<p><strong>Information sur le caf\u00e9<\/strong><\/p>\n<p>Ce lot Supernatural de Banko Chelchele est super fruit\u00e9 dans tous les bons sens du terme. Imagine une fraise juteuse, des fruits \u00e0 noyau, et une tasse aussi vibrante que sucr\u00e9e. C&#8217;est le genre de profil aromatique qui a fait tomber les baristas amoureux des caf\u00e9s \u00e9thiopiens nature, et il procure encore cette m\u00eame \u00e9tincelle d&#8217;excitation aujourd&#8217;hui.  <\/p>\n<p>La magie op\u00e8re \u00e0 la station Chelchele \u00e0 Yirgacheffe, o\u00f9 les cerises m\u00fbres sont soigneusement tri\u00e9es \u00e0 la main, puis scell\u00e9es dans des cuves en fibre de carbone pendant jusqu&#8217;\u00e0 dix jours de fermentation sans oxyg\u00e8ne. Apr\u00e8s cette transformation lente, elles sont s\u00e9ch\u00e9es sur des lits sur\u00e9lev\u00e9s pour pr\u00e9server toute cette intensit\u00e9 fruit\u00e9e. Le r\u00e9sultat est une tasse qui a le go\u00fbt de l&#8217;\u00e9t\u00e9 sous forme de caf\u00e9, complexe, vivante et pleine de caract\u00e8re.  <\/p>\n<p>Derri\u00e8re tout cela se trouve EDN Ethiopian Coffee, un groupe ind\u00e9pendant qui investit dans les producteurs et soutient des centaines de travailleurs saisonniers. Leur engagement envers la qualit\u00e9 et la communaut\u00e9 signifie que chaque gorg\u00e9e porte plus que du go\u00fbt, elle porte l&#8217;attention et le savoir-faire des gens qui l&#8217;ont rendue possible. <\/p>\n","protected":false},"excerpt":{"rendered":"<p>300g<\/p>\n<p>Nature<\/p>\n<p>Juteux &amp; Complexe<\/p>\n","protected":false},"featured_media":3283,"comment_status":"open","ping_status":"closed","template":"","meta":{"nf_dc_page":""},"product_brand":[],"product_cat":[68,61],"product_tag":[],"giftcard-category":[],"class_list":{"0":"post-3280","1":"product","2":"type-product","3":"status-publish","4":"has-post-thumbnail","6":"product_cat-cafe-espresso-en-grains-entiers","7":"product_cat-cafe-monogram","9":"first","10":"outofstock","11":"shipping-taxable","12":"purchasable","13":"product-type-simple"},"yoast_head":"<!-- This site is optimized with the Yoast SEO plugin v27.3 - https:\/\/yoast.com\/product\/yoast-seo-wordpress\/ -->\n<title>MONOGRAM - Banko Chelchele Supernatural Espresso - Speciality Coffee<\/title>\n<meta name=\"description\" content=\"Banko Chelchele Supernatural : un caf\u00e9 \u00e9thiopien fruit\u00e9 et expressif avec des notes de fraise, cerise et fruits \u00e0 noyau, offrant un profil vif et vibrant.\" \/>\n<meta name=\"robots\" content=\"index, follow, max-snippet:-1, max-image-preview:large, max-video-preview:-1\" \/>\n<link rel=\"canonical\" href=\"https:\/\/specialitycoffee.ca\/fr\/produit\/banko-chelchele-lave-expresso-copy\/\" \/>\n<meta property=\"og:locale\" content=\"fr_FR\" \/>\n<meta property=\"og:type\" content=\"article\" \/>\n<meta property=\"og:title\" content=\"MONOGRAM - Banko Chelchele Supernatural Espresso - Speciality Coffee\" \/>\n<meta property=\"og:description\" content=\"Banko Chelchele Supernatural : un caf\u00e9 \u00e9thiopien fruit\u00e9 et expressif avec des notes de fraise, cerise et fruits \u00e0 noyau, offrant un profil vif et vibrant.\" \/>\n<meta property=\"og:url\" content=\"https:\/\/specialitycoffee.ca\/fr\/produit\/banko-chelchele-lave-expresso-copy\/\" \/>\n<meta property=\"og:site_name\" content=\"Speciality Coffee\" \/>\n<meta property=\"article:publisher\" content=\"https:\/\/www.facebook.com\/profile.php?id=61567892415312\" \/>\n<meta property=\"article:modified_time\" content=\"2025-12-04T21:31:50+00:00\" \/>\n<meta property=\"og:image\" content=\"https:\/\/specialitycoffee.ca\/wp-content\/uploads\/2025\/10\/supernatural-espresso_4edbe5ef-b001-44e4-b079-d83a1a3a43f2.webp\" \/>\n\t<meta property=\"og:image:width\" content=\"1000\" \/>\n\t<meta property=\"og:image:height\" content=\"1000\" \/>\n\t<meta property=\"og:image:type\" content=\"image\/webp\" \/>\n<meta name=\"twitter:card\" content=\"summary_large_image\" \/>\n<meta name=\"twitter:label1\" content=\"Dur\u00e9e de lecture estim\u00e9e\" \/>\n\t<meta name=\"twitter:data1\" content=\"2 minutes\" \/>\n<script type=\"application\/ld+json\" class=\"yoast-schema-graph\">{\"@context\":\"https:\\\/\\\/schema.org\",\"@graph\":[{\"@type\":\"WebPage\",\"@id\":\"https:\\\/\\\/specialitycoffee.ca\\\/fr\\\/produit\\\/banko-chelchele-lave-expresso-copy\\\/\",\"url\":\"https:\\\/\\\/specialitycoffee.ca\\\/fr\\\/produit\\\/banko-chelchele-lave-expresso-copy\\\/\",\"name\":\"MONOGRAM - Banko Chelchele Supernatural Espresso - Speciality Coffee\",\"isPartOf\":{\"@id\":\"https:\\\/\\\/pad.gfa.mybluehost.me\\\/website_dc3d2694\\\/#website\"},\"primaryImageOfPage\":{\"@id\":\"https:\\\/\\\/specialitycoffee.ca\\\/fr\\\/produit\\\/banko-chelchele-lave-expresso-copy\\\/#primaryimage\"},\"image\":{\"@id\":\"https:\\\/\\\/specialitycoffee.ca\\\/fr\\\/produit\\\/banko-chelchele-lave-expresso-copy\\\/#primaryimage\"},\"thumbnailUrl\":\"https:\\\/\\\/specialitycoffee.ca\\\/wp-content\\\/uploads\\\/2025\\\/10\\\/supernatural-espresso_4edbe5ef-b001-44e4-b079-d83a1a3a43f2.webp\",\"datePublished\":\"2025-10-16T16:35:55+00:00\",\"dateModified\":\"2025-12-04T21:31:50+00:00\",\"description\":\"Banko Chelchele Supernatural : un caf\u00e9 \u00e9thiopien fruit\u00e9 et expressif avec des notes de fraise, cerise et fruits \u00e0 noyau, offrant un profil vif et vibrant.\",\"breadcrumb\":{\"@id\":\"https:\\\/\\\/specialitycoffee.ca\\\/fr\\\/produit\\\/banko-chelchele-lave-expresso-copy\\\/#breadcrumb\"},\"inLanguage\":\"fr-FR\",\"potentialAction\":[{\"@type\":\"ReadAction\",\"target\":[\"https:\\\/\\\/specialitycoffee.ca\\\/fr\\\/produit\\\/banko-chelchele-lave-expresso-copy\\\/\"]}]},{\"@type\":\"ImageObject\",\"inLanguage\":\"fr-FR\",\"@id\":\"https:\\\/\\\/specialitycoffee.ca\\\/fr\\\/produit\\\/banko-chelchele-lave-expresso-copy\\\/#primaryimage\",\"url\":\"https:\\\/\\\/specialitycoffee.ca\\\/wp-content\\\/uploads\\\/2025\\\/10\\\/supernatural-espresso_4edbe5ef-b001-44e4-b079-d83a1a3a43f2.webp\",\"contentUrl\":\"https:\\\/\\\/specialitycoffee.ca\\\/wp-content\\\/uploads\\\/2025\\\/10\\\/supernatural-espresso_4edbe5ef-b001-44e4-b079-d83a1a3a43f2.webp\",\"width\":1000,\"height\":1000},{\"@type\":\"BreadcrumbList\",\"@id\":\"https:\\\/\\\/specialitycoffee.ca\\\/fr\\\/produit\\\/banko-chelchele-lave-expresso-copy\\\/#breadcrumb\",\"itemListElement\":[{\"@type\":\"ListItem\",\"position\":1,\"name\":\"Accueil\",\"item\":\"https:\\\/\\\/specialitycoffee.ca\\\/fr\\\/cafe-de-specialite-les-meilleurs-grains-de-specialite-directement-de-la-ferme-a-ta-tasse\\\/\"},{\"@type\":\"ListItem\",\"position\":2,\"name\":\"Boutique\",\"item\":\"https:\\\/\\\/specialitycoffee.ca\\\/fr\\\/boutique\\\/\"},{\"@type\":\"ListItem\",\"position\":3,\"name\":\"MONOGRAM &#8211; Banko Chelchele Supernatural Espresso\"}]},{\"@type\":\"WebSite\",\"@id\":\"https:\\\/\\\/pad.gfa.mybluehost.me\\\/website_dc3d2694\\\/#website\",\"url\":\"https:\\\/\\\/pad.gfa.mybluehost.me\\\/website_dc3d2694\\\/\",\"name\":\"Speciality Coffee\",\"description\":\"\",\"publisher\":{\"@id\":\"https:\\\/\\\/pad.gfa.mybluehost.me\\\/website_dc3d2694\\\/#organization\"},\"potentialAction\":[{\"@type\":\"SearchAction\",\"target\":{\"@type\":\"EntryPoint\",\"urlTemplate\":\"https:\\\/\\\/pad.gfa.mybluehost.me\\\/website_dc3d2694\\\/?s={search_term_string}\"},\"query-input\":{\"@type\":\"PropertyValueSpecification\",\"valueRequired\":true,\"valueName\":\"search_term_string\"}}],\"inLanguage\":\"fr-FR\"},{\"@type\":\"Organization\",\"@id\":\"https:\\\/\\\/pad.gfa.mybluehost.me\\\/website_dc3d2694\\\/#organization\",\"name\":\"Speciality coffee\",\"url\":\"https:\\\/\\\/pad.gfa.mybluehost.me\\\/website_dc3d2694\\\/\",\"logo\":{\"@type\":\"ImageObject\",\"inLanguage\":\"fr-FR\",\"@id\":\"https:\\\/\\\/pad.gfa.mybluehost.me\\\/website_dc3d2694\\\/#\\\/schema\\\/logo\\\/image\\\/\",\"url\":\"https:\\\/\\\/specialitycoffee.ca\\\/wp-content\\\/uploads\\\/2025\\\/07\\\/logo-main.svg\",\"contentUrl\":\"https:\\\/\\\/specialitycoffee.ca\\\/wp-content\\\/uploads\\\/2025\\\/07\\\/logo-main.svg\",\"width\":220,\"height\":104,\"caption\":\"Speciality coffee\"},\"image\":{\"@id\":\"https:\\\/\\\/pad.gfa.mybluehost.me\\\/website_dc3d2694\\\/#\\\/schema\\\/logo\\\/image\\\/\"},\"sameAs\":[\"https:\\\/\\\/www.facebook.com\\\/profile.php?id=61567892415312\",\"https:\\\/\\\/www.instagram.com\\\/specialitycoffee.ca\\\/\"]}]}<\/script>\n<!-- \/ Yoast SEO plugin. -->","yoast_head_json":{"title":"MONOGRAM - Banko Chelchele Supernatural Espresso - Speciality Coffee","description":"Banko Chelchele Supernatural : un caf\u00e9 \u00e9thiopien fruit\u00e9 et expressif avec des notes de fraise, cerise et fruits \u00e0 noyau, offrant un profil vif et vibrant.","robots":{"index":"index","follow":"follow","max-snippet":"max-snippet:-1","max-image-preview":"max-image-preview:large","max-video-preview":"max-video-preview:-1"},"canonical":"https:\/\/specialitycoffee.ca\/fr\/produit\/banko-chelchele-lave-expresso-copy\/","og_locale":"fr_FR","og_type":"article","og_title":"MONOGRAM - Banko Chelchele Supernatural Espresso - Speciality Coffee","og_description":"Banko Chelchele Supernatural : un caf\u00e9 \u00e9thiopien fruit\u00e9 et expressif avec des notes de fraise, cerise et fruits \u00e0 noyau, offrant un profil vif et vibrant.","og_url":"https:\/\/specialitycoffee.ca\/fr\/produit\/banko-chelchele-lave-expresso-copy\/","og_site_name":"Speciality Coffee","article_publisher":"https:\/\/www.facebook.com\/profile.php?id=61567892415312","article_modified_time":"2025-12-04T21:31:50+00:00","og_image":[{"width":1000,"height":1000,"url":"https:\/\/specialitycoffee.ca\/wp-content\/uploads\/2025\/10\/supernatural-espresso_4edbe5ef-b001-44e4-b079-d83a1a3a43f2.webp","type":"image\/webp"}],"twitter_card":"summary_large_image","twitter_misc":{"Dur\u00e9e de lecture estim\u00e9e":"2 minutes"},"schema":{"@context":"https:\/\/schema.org","@graph":[{"@type":"WebPage","@id":"https:\/\/specialitycoffee.ca\/fr\/produit\/banko-chelchele-lave-expresso-copy\/","url":"https:\/\/specialitycoffee.ca\/fr\/produit\/banko-chelchele-lave-expresso-copy\/","name":"MONOGRAM - Banko Chelchele Supernatural Espresso - Speciality Coffee","isPartOf":{"@id":"https:\/\/pad.gfa.mybluehost.me\/website_dc3d2694\/#website"},"primaryImageOfPage":{"@id":"https:\/\/specialitycoffee.ca\/fr\/produit\/banko-chelchele-lave-expresso-copy\/#primaryimage"},"image":{"@id":"https:\/\/specialitycoffee.ca\/fr\/produit\/banko-chelchele-lave-expresso-copy\/#primaryimage"},"thumbnailUrl":"https:\/\/specialitycoffee.ca\/wp-content\/uploads\/2025\/10\/supernatural-espresso_4edbe5ef-b001-44e4-b079-d83a1a3a43f2.webp","datePublished":"2025-10-16T16:35:55+00:00","dateModified":"2025-12-04T21:31:50+00:00","description":"Banko Chelchele Supernatural : un caf\u00e9 \u00e9thiopien fruit\u00e9 et expressif avec des notes de fraise, cerise et fruits \u00e0 noyau, offrant un profil vif et vibrant.","breadcrumb":{"@id":"https:\/\/specialitycoffee.ca\/fr\/produit\/banko-chelchele-lave-expresso-copy\/#breadcrumb"},"inLanguage":"fr-FR","potentialAction":[{"@type":"ReadAction","target":["https:\/\/specialitycoffee.ca\/fr\/produit\/banko-chelchele-lave-expresso-copy\/"]}]},{"@type":"ImageObject","inLanguage":"fr-FR","@id":"https:\/\/specialitycoffee.ca\/fr\/produit\/banko-chelchele-lave-expresso-copy\/#primaryimage","url":"https:\/\/specialitycoffee.ca\/wp-content\/uploads\/2025\/10\/supernatural-espresso_4edbe5ef-b001-44e4-b079-d83a1a3a43f2.webp","contentUrl":"https:\/\/specialitycoffee.ca\/wp-content\/uploads\/2025\/10\/supernatural-espresso_4edbe5ef-b001-44e4-b079-d83a1a3a43f2.webp","width":1000,"height":1000},{"@type":"BreadcrumbList","@id":"https:\/\/specialitycoffee.ca\/fr\/produit\/banko-chelchele-lave-expresso-copy\/#breadcrumb","itemListElement":[{"@type":"ListItem","position":1,"name":"Accueil","item":"https:\/\/specialitycoffee.ca\/fr\/cafe-de-specialite-les-meilleurs-grains-de-specialite-directement-de-la-ferme-a-ta-tasse\/"},{"@type":"ListItem","position":2,"name":"Boutique","item":"https:\/\/specialitycoffee.ca\/fr\/boutique\/"},{"@type":"ListItem","position":3,"name":"MONOGRAM &#8211; Banko Chelchele Supernatural Espresso"}]},{"@type":"WebSite","@id":"https:\/\/pad.gfa.mybluehost.me\/website_dc3d2694\/#website","url":"https:\/\/pad.gfa.mybluehost.me\/website_dc3d2694\/","name":"Speciality Coffee","description":"","publisher":{"@id":"https:\/\/pad.gfa.mybluehost.me\/website_dc3d2694\/#organization"},"potentialAction":[{"@type":"SearchAction","target":{"@type":"EntryPoint","urlTemplate":"https:\/\/pad.gfa.mybluehost.me\/website_dc3d2694\/?s={search_term_string}"},"query-input":{"@type":"PropertyValueSpecification","valueRequired":true,"valueName":"search_term_string"}}],"inLanguage":"fr-FR"},{"@type":"Organization","@id":"https:\/\/pad.gfa.mybluehost.me\/website_dc3d2694\/#organization","name":"Speciality coffee","url":"https:\/\/pad.gfa.mybluehost.me\/website_dc3d2694\/","logo":{"@type":"ImageObject","inLanguage":"fr-FR","@id":"https:\/\/pad.gfa.mybluehost.me\/website_dc3d2694\/#\/schema\/logo\/image\/","url":"https:\/\/specialitycoffee.ca\/wp-content\/uploads\/2025\/07\/logo-main.svg","contentUrl":"https:\/\/specialitycoffee.ca\/wp-content\/uploads\/2025\/07\/logo-main.svg","width":220,"height":104,"caption":"Speciality coffee"},"image":{"@id":"https:\/\/pad.gfa.mybluehost.me\/website_dc3d2694\/#\/schema\/logo\/image\/"},"sameAs":["https:\/\/www.facebook.com\/profile.php?id=61567892415312","https:\/\/www.instagram.com\/specialitycoffee.ca\/"]}]}},"_links":{"self":[{"href":"https:\/\/specialitycoffee.ca\/fr\/wp-json\/wp\/v2\/product\/3280","targetHints":{"allow":["GET"]}}],"collection":[{"href":"https:\/\/specialitycoffee.ca\/fr\/wp-json\/wp\/v2\/product"}],"about":[{"href":"https:\/\/specialitycoffee.ca\/fr\/wp-json\/wp\/v2\/types\/product"}],"replies":[{"embeddable":true,"href":"https:\/\/specialitycoffee.ca\/fr\/wp-json\/wp\/v2\/comments?post=3280"}],"wp:featuredmedia":[{"embeddable":true,"href":"https:\/\/specialitycoffee.ca\/fr\/wp-json\/wp\/v2\/media\/3283"}],"wp:attachment":[{"href":"https:\/\/specialitycoffee.ca\/fr\/wp-json\/wp\/v2\/media?parent=3280"}],"wp:term":[{"taxonomy":"product_brand","embeddable":true,"href":"https:\/\/specialitycoffee.ca\/fr\/wp-json\/wp\/v2\/product_brand?post=3280"},{"taxonomy":"product_cat","embeddable":true,"href":"https:\/\/specialitycoffee.ca\/fr\/wp-json\/wp\/v2\/product_cat?post=3280"},{"taxonomy":"product_tag","embeddable":true,"href":"https:\/\/specialitycoffee.ca\/fr\/wp-json\/wp\/v2\/product_tag?post=3280"},{"taxonomy":"giftcard-category","embeddable":true,"href":"https:\/\/specialitycoffee.ca\/fr\/wp-json\/wp\/v2\/giftcard-category?post=3280"}],"curies":[{"name":"wp","href":"https:\/\/api.w.org\/{rel}","templated":true}]}}